{"id":2610,"date":"2026-03-09T03:25:33","date_gmt":"2026-03-09T00:25:33","guid":{"rendered":"https:\/\/socialmediagency.com.tr\/en\/?page_id=2610"},"modified":"2026-03-10T14:46:06","modified_gmt":"2026-03-10T11:46:06","slug":"imprint","status":"publish","type":"page","link":"https:\/\/mikailcetiner.com\/en\/imprint\/","title":{"rendered":"Imprint"},"content":{"rendered":"\n<p>Information according to \u00a7 5 of the Digital Services Act (DDG) and the General Data Protection Regulation (GDPR \/ DSGVO):<\/p>\n\n\n\n<p><strong>Mikail \u00c7etiner<\/strong><br>Turmstra\u00dfe 3-5<br>50733 K\u00f6ln<br>Deutschland<\/p>\n\n\n\n<h2 class=\"wp-block-heading\">Contact<\/h2>\n\n\n\n<p>Phone: +49 (221) 922 401 90<br>Email: info@mikailcetiner.com<\/p>\n\n\n\n<h2 class=\"wp-block-heading\">Responsible for Content according to \u00a7 18 para. 2 MStV<\/h2>\n\n\n\n<p><strong>Mikail \u00c7etiner<\/strong><br>Turmstra\u00dfe 3-5<br>50733 K\u00f6ln<br>Deutschland<\/p>\n\n\n\n<h2 class=\"wp-block-heading\">Disclaimer<\/h2>\n\n\n\n<h3 class=\"wp-block-heading\">Liability for Content<\/h3>\n\n\n\n<p>The contents of our pages were created with the greatest care. However, we cannot guarantee the accuracy, completeness, or timeliness of the content.<\/p>\n\n\n\n<p>As a service provider, we are responsible for our own content on these pages according to general laws. However, we are not obliged to monitor transmitted or stored third-party information or to investigate circumstances indicating illegal activity.<\/p>\n\n\n\n<h3 class=\"wp-block-heading\">Liability for Links<\/h3>\n\n\n\n<p>Our website contains links to external third-party websites over which we have no control. Therefore, we cannot assume any liability for these external contents.<\/p>\n\n\n\n<p>The respective provider or operator of the linked pages is always responsible for their content. Should we become aware of any legal violations, such links will be removed immediately.<\/p>\n\n\n\n<h2 class=\"wp-block-heading\">Copyright<\/h2>\n\n\n\n<p>The content and works created by the website operator on this website are subject to German copyright law.<\/p>\n\n\n\n<p>Reproduction, editing, distribution, and any kind of use beyond the limits of copyright law require the written consent of the respective author or creator.<\/p>\n\n\n\n<p>As far as the content on this site was not created by the operator, the copyrights of third parties are respected and appropriately marked.<\/p>\n\n\n\n<h2 class=\"wp-block-heading\">Right to Information, Deletion, and Blocking<\/h2>\n\n\n\n<p>You have the right at any time to receive free information about your stored personal data, its origin, recipients, and the purpose of data processing.<\/p>\n\n\n\n<p>You also have the right to correct, block, or delete these data. For questions regarding data protection, you may contact us at any time using the address provided in the imprint.<\/p>\n","protected":false},"excerpt":{"rendered":"<p>Information according to \u00a7 5 of the Digital Services Act (DDG) and the General Data Protection Regulation (GDPR \/ DSGVO): Mikail \u00c7etinerTurmstra\u00dfe 3-550733 K\u00f6lnDeutschland Contact Phone: +49 (221) 922 401 90Email: info@mikailcetiner.com Responsible for Content according to \u00a7 18 para. 2 MStV Mikail \u00c7etinerTurmstra\u00dfe 3-550733 K\u00f6lnDeutschland Disclaimer Liability for Content The contents of our pages&#8230;<\/p>\n","protected":false},"author":1,"featured_media":0,"parent":0,"menu_order":0,"comment_status":"closed","ping_status":"closed","template":"","meta":{"_kadence_starter_templates_imported_post":false,"_kad_post_transparent":"","_kad_post_title":"","_kad_post_layout":"","_kad_post_sidebar_id":"","_kad_post_content_style":"","_kad_post_vertical_padding":"","_kad_post_feature":"","_kad_post_feature_position":"","_kad_post_header":false,"_kad_post_footer":false,"_kad_post_classname":"","footnotes":""},"class_list":["post-2610","page","type-page","status-publish","hentry"],"_links":{"self":[{"href":"https:\/\/mikailcetiner.com\/en\/wp-json\/wp\/v2\/pages\/2610","targetHints":{"allow":["GET"]}}],"collection":[{"href":"https:\/\/mikailcetiner.com\/en\/wp-json\/wp\/v2\/pages"}],"about":[{"href":"https:\/\/mikailcetiner.com\/en\/wp-json\/wp\/v2\/types\/page"}],"author":[{"embeddable":true,"href":"https:\/\/mikailcetiner.com\/en\/wp-json\/wp\/v2\/users\/1"}],"replies":[{"embeddable":true,"href":"https:\/\/mikailcetiner.com\/en\/wp-json\/wp\/v2\/comments?post=2610"}],"version-history":[{"count":2,"href":"https:\/\/mikailcetiner.com\/en\/wp-json\/wp\/v2\/pages\/2610\/revisions"}],"predecessor-version":[{"id":2652,"href":"https:\/\/mikailcetiner.com\/en\/wp-json\/wp\/v2\/pages\/2610\/revisions\/2652"}],"wp:attachment":[{"href":"https:\/\/mikailcetiner.com\/en\/wp-json\/wp\/v2\/media?parent=2610"}],"curies":[{"name":"wp","href":"https:\/\/api.w.org\/{rel}","templated":true}]}}