{"id":1753,"date":"2026-03-05T02:31:13","date_gmt":"2026-03-04T23:31:13","guid":{"rendered":"http:\/\/localhost\/mikailcetiner\/?page_id=1753"},"modified":"2026-03-09T22:38:42","modified_gmt":"2026-03-09T19:38:42","slug":"basarilari","status":"publish","type":"page","link":"https:\/\/mikailcetiner.com\/tr\/basarilari\/","title":{"rendered":"Ba\u015far\u0131lar\u0131"},"content":{"rendered":"<style>.kb-row-layout-wrap.wp-block-kadence-rowlayout.kb-row-layout-id1753_2a9113-43{margin-top:0px;margin-bottom:0px;}.kb-row-layout-id1753_2a9113-43 > .kt-row-column-wrap{align-content:center;}:where(.kb-row-layout-id1753_2a9113-43 > .kt-row-column-wrap) > .wp-block-kadence-column{justify-content:center;}.kb-row-layout-id1753_2a9113-43 > .kt-row-column-wrap{column-gap:var(--global-kb-gap-md, 2rem);row-gap:var(--global-kb-gap-md, 2rem);max-width:var( --global-content-width, 1290px );padding-left:var(--global-content-edge-padding);padding-right:var(--global-content-edge-padding);padding-top:283px;padding-right:0px;padding-bottom:98px;padding-left:0px;grid-template-columns:minmax(0, 1fr);}.kb-row-layout-id1753_2a9113-43{background-image:url('https:\/\/mikailcetiner.com\/tr\/wp-content\/uploads\/2026\/03\/6239aacb99051164794644318-1.png');background-size:cover;background-position:46% 25%;background-attachment:scroll;background-repeat:no-repeat;}.kb-row-layout-id1753_2a9113-43 > .kt-row-layout-overlay{opacity:0.90;background:linear-gradient(160deg,rgb(0,0,0) 31%,rgba(255,0,4,0.62) 100%);}@media all and (max-width: 1024px){.kb-row-layout-id1753_2a9113-43 > .kt-row-column-wrap{padding-top:70px;padding-right:0px;padding-bottom:70px;padding-left:0px;grid-template-columns:minmax(0, 1fr);}}@media all and (max-width: 767px){.kb-row-layout-id1753_2a9113-43 > .kt-row-column-wrap{padding-top:120px;padding-right:20px;padding-bottom:20px;padding-left:20px;grid-template-columns:minmax(0, 1fr);}}<\/style><div class=\"kb-row-layout-wrap kb-row-layout-id1753_2a9113-43 alignnone kt-row-has-bg wp-block-kadence-rowlayout\"><div class=\"kt-row-layout-overlay kt-row-overlay-gradient\"><\/div><div class=\"kt-row-column-wrap kt-has-1-columns kt-row-layout-equal kt-tab-layout-inherit kt-mobile-layout-row kt-row-valign-middle kb-theme-content-width\">\n<style>.kadence-column1753_1c25f5-80 > .kt-inside-inner-col{padding-top:0px;padding-right:10px;padding-bottom:0px;padding-left:10px;}.kadence-column1753_1c25f5-80 > .kt-inside-inner-col,.kadence-column1753_1c25f5-80 > .kt-inside-inner-col:before{border-top-left-radius:0px;border-top-right-radius:0px;border-bottom-right-radius:0px;border-bottom-left-radius:0px;}.kadence-column1753_1c25f5-80 > .kt-inside-inner-col{column-gap:var(--global-kb-gap-sm, 1rem);}.kadence-column1753_1c25f5-80 > .kt-inside-inner-col{flex-direction:column;}.kadence-column1753_1c25f5-80 > .kt-inside-inner-col > .aligncenter{width:100%;}.kadence-column1753_1c25f5-80 > .kt-inside-inner-col:before{opacity:0.3;}.kadence-column1753_1c25f5-80{position:relative;}@media all and (max-width: 1024px){.kadence-column1753_1c25f5-80 > .kt-inside-inner-col{padding-top:0px;padding-right:0px;padding-bottom:0px;padding-left:0px;flex-direction:column;justify-content:center;}}@media all and (max-width: 767px){.kadence-column1753_1c25f5-80 > .kt-inside-inner-col{flex-direction:column;justify-content:center;}}<\/style>\n<div class=\"wp-block-kadence-column kadence-column1753_1c25f5-80 inner-column-1\"><div class=\"kt-inside-inner-col\"><style>.kb-row-layout-id1753_c71cc5-72 > .kt-row-column-wrap{align-content:start;}:where(.kb-row-layout-id1753_c71cc5-72 > .kt-row-column-wrap) > .wp-block-kadence-column{justify-content:start;}.kb-row-layout-id1753_c71cc5-72 > .kt-row-column-wrap{column-gap:var(--global-kb-gap-md, 2rem);row-gap:var(--global-kb-gap-md, 2rem);max-width:875px;margin-left:auto;margin-right:auto;padding-top:0px;padding-right:0px;padding-bottom:0px;padding-left:0px;grid-template-columns:minmax(0, 1fr);}.kb-row-layout-id1753_c71cc5-72 > .kt-row-layout-overlay{opacity:0.30;}@media all and (max-width: 1024px){.kb-row-layout-id1753_c71cc5-72 > .kt-row-column-wrap{grid-template-columns:minmax(0, 1fr);}}@media all and (max-width: 767px){.kb-row-layout-id1753_c71cc5-72 > .kt-row-column-wrap{padding-top:40px;padding-right:20px;padding-bottom:0px;padding-left:20px;grid-template-columns:minmax(0, 1fr);}}<\/style><div class=\"kb-row-layout-wrap kb-row-layout-id1753_c71cc5-72 alignnone wp-block-kadence-rowlayout\"><div class=\"kt-row-column-wrap kt-has-1-columns kt-row-layout-equal kt-tab-layout-inherit kt-mobile-layout-row kt-row-valign-top\">\n<style>.kadence-column1753_ec1f74-e6 > .kt-inside-inner-col{padding-top:10px;padding-right:10px;padding-bottom:10px;padding-left:10px;}.kadence-column1753_ec1f74-e6 > .kt-inside-inner-col,.kadence-column1753_ec1f74-e6 > .kt-inside-inner-col:before{border-top-left-radius:0px;border-top-right-radius:0px;border-bottom-right-radius:0px;border-bottom-left-radius:0px;}.kadence-column1753_ec1f74-e6 > .kt-inside-inner-col{column-gap:var(--global-kb-gap-sm, 1rem);}.kadence-column1753_ec1f74-e6 > .kt-inside-inner-col{flex-direction:column;}.kadence-column1753_ec1f74-e6 > .kt-inside-inner-col > .aligncenter{width:100%;}.kadence-column1753_ec1f74-e6 > .kt-inside-inner-col:before{opacity:0.3;}.kadence-column1753_ec1f74-e6{position:relative;}@media all and (max-width: 1024px){.kadence-column1753_ec1f74-e6 > .kt-inside-inner-col{flex-direction:column;justify-content:center;}}@media all and (max-width: 767px){.kadence-column1753_ec1f74-e6 > .kt-inside-inner-col{flex-direction:column;justify-content:center;}}<\/style>\n<div class=\"wp-block-kadence-column kadence-column1753_ec1f74-e6 inner-column-1\"><div class=\"kt-inside-inner-col\"><style>.wp-block-kadence-advancedheading.kt-adv-heading1753_118d97-5f, .wp-block-kadence-advancedheading.kt-adv-heading1753_118d97-5f[data-kb-block=\"kb-adv-heading1753_118d97-5f\"]{margin-top:0px;margin-right:0px;margin-bottom:25px;margin-left:0px;text-align:center;font-size:50px;line-height:1em;font-style:normal;}.wp-block-kadence-advancedheading.kt-adv-heading1753_118d97-5f mark.kt-highlight, .wp-block-kadence-advancedheading.kt-adv-heading1753_118d97-5f[data-kb-block=\"kb-adv-heading1753_118d97-5f\"] mark.kt-highlight{font-style:normal;color:#f76a0c;-webkit-box-decoration-break:clone;box-decoration-break:clone;padding-top:0px;padding-right:0px;padding-bottom:0px;padding-left:0px;}.wp-block-kadence-advancedheading.kt-adv-heading1753_118d97-5f img.kb-inline-image, .wp-block-kadence-advancedheading.kt-adv-heading1753_118d97-5f[data-kb-block=\"kb-adv-heading1753_118d97-5f\"] img.kb-inline-image{width:150px;vertical-align:baseline;}@media all and (max-width: 767px){.wp-block-kadence-advancedheading.kt-adv-heading1753_118d97-5f, .wp-block-kadence-advancedheading.kt-adv-heading1753_118d97-5f[data-kb-block=\"kb-adv-heading1753_118d97-5f\"]{font-size:30px;}}<\/style>\n<h2 class=\"kt-adv-heading1753_118d97-5f wp-block-kadence-advancedheading has-theme-palette-9-color has-text-color\" data-kb-block=\"kb-adv-heading1753_118d97-5f\">Mikail Ali \u00c7etiner\u2019in Uzak Do\u011fu Sporlar\u0131ndaki Ba\u015far\u0131lar\u0131<\/h2>\n<\/div><\/div>\n\n<\/div><\/div><\/div><\/div>\n\n<\/div><\/div>\n\n<style>.kb-row-layout-id1753_4f4c33-ca > .kt-row-column-wrap{align-content:start;}:where(.kb-row-layout-id1753_4f4c33-ca > .kt-row-column-wrap) > .wp-block-kadence-column{justify-content:start;}.kb-row-layout-id1753_4f4c33-ca > .kt-row-column-wrap{column-gap:var(--global-kb-gap-md, 2rem);row-gap:var(--global-kb-gap-md, 2rem);padding-top:0px;padding-right:0px;padding-bottom:0px;padding-left:0px;grid-template-columns:minmax(0, 1fr);}.kb-row-layout-id1753_4f4c33-ca > .kt-row-layout-overlay{opacity:0.30;}@media all and (max-width: 1024px){.kb-row-layout-id1753_4f4c33-ca > .kt-row-column-wrap{grid-template-columns:minmax(0, 1fr);}}@media all and (max-width: 767px){.kb-row-layout-id1753_4f4c33-ca > .kt-row-column-wrap{grid-template-columns:minmax(0, 1fr);}}<\/style><div class=\"kb-row-layout-wrap kb-row-layout-id1753_4f4c33-ca alignnone wp-block-kadence-rowlayout\"><div class=\"kt-row-column-wrap kt-has-1-columns kt-row-layout-equal kt-tab-layout-inherit kt-mobile-layout-row kt-row-valign-top\">\n<style>.kadence-column1753_8b93d4-83 > .kt-inside-inner-col{padding-top:0px;padding-right:0px;padding-bottom:0px;padding-left:0px;}.kadence-column1753_8b93d4-83 > .kt-inside-inner-col,.kadence-column1753_8b93d4-83 > .kt-inside-inner-col:before{border-top-left-radius:0px;border-top-right-radius:0px;border-bottom-right-radius:0px;border-bottom-left-radius:0px;}.kadence-column1753_8b93d4-83 > .kt-inside-inner-col{column-gap:var(--global-kb-gap-sm, 1rem);}.kadence-column1753_8b93d4-83 > .kt-inside-inner-col{flex-direction:column;}.kadence-column1753_8b93d4-83 > .kt-inside-inner-col > .aligncenter{width:100%;}.kadence-column1753_8b93d4-83 > .kt-inside-inner-col:before{opacity:0.3;}.kadence-column1753_8b93d4-83{position:relative;}@media all and (max-width: 1024px){.kadence-column1753_8b93d4-83 > .kt-inside-inner-col{flex-direction:column;justify-content:center;}}@media all and (max-width: 767px){.kadence-column1753_8b93d4-83 > .kt-inside-inner-col{flex-direction:column;justify-content:center;}}<\/style>\n<div class=\"wp-block-kadence-column kadence-column1753_8b93d4-83 inner-column-1\"><div class=\"kt-inside-inner-col\"><\/div><\/div>\n\n<\/div><\/div>\n\n<style>.kb-row-layout-wrap.wp-block-kadence-rowlayout.kb-row-layout-id1753_cf7e6a-5b{margin-top:0px;margin-bottom:0px;}.kb-row-layout-id1753_cf7e6a-5b > .kt-row-column-wrap{align-content:start;}:where(.kb-row-layout-id1753_cf7e6a-5b > .kt-row-column-wrap) > .wp-block-kadence-column{justify-content:start;}.kb-row-layout-id1753_cf7e6a-5b > .kt-row-column-wrap{column-gap:var(--global-kb-gap-md, 2rem);row-gap:var(--global-kb-gap-md, 2rem);max-width:var( --global-content-width, 1290px );padding-left:var(--global-content-edge-padding);padding-right:var(--global-content-edge-padding);padding-top:80px;padding-right:0px;padding-bottom:70px;padding-left:0px;grid-template-columns:minmax(0, calc(35% - ((var(--global-kb-gap-md, 2rem) * 1 )\/2)))minmax(0, calc(65% - ((var(--global-kb-gap-md, 2rem) * 1 )\/2)));}.kb-row-layout-id1753_cf7e6a-5b > .kt-row-layout-overlay{opacity:0.57;background-image:url('https:\/\/mikailcetiner.com\/tr\/wp-content\/uploads\/2026\/03\/bg_2-scaled.jpg');background-size:cover;background-position:50% 50%;background-attachment:scroll;background-repeat:repeat;mix-blend-mode:normal;}@media all and (max-width: 1024px){.kb-row-layout-wrap.wp-block-kadence-rowlayout.kb-row-layout-id1753_cf7e6a-5b{margin-top:0px;margin-bottom:0px;}}@media all and (max-width: 1024px){.kb-row-layout-id1753_cf7e6a-5b > .kt-row-column-wrap{padding-top:70px;padding-right:0px;padding-bottom:40px;padding-left:0px;grid-template-columns:repeat(2, minmax(0, 1fr));}}@media all and (max-width: 767px){.kb-row-layout-id1753_cf7e6a-5b > .kt-row-column-wrap{padding-top:60px;padding-right:20px;padding-bottom:30px;padding-left:20px;grid-template-columns:minmax(0, 1fr);}}<\/style><div class=\"kb-row-layout-wrap kb-row-layout-id1753_cf7e6a-5b alignnone has-theme-palette9-background-color kt-row-has-bg wp-block-kadence-rowlayout\"><div class=\"kt-row-layout-overlay kt-row-overlay-normal\"><\/div><div class=\"kt-row-column-wrap kt-has-2-columns kt-row-layout-equal kt-tab-layout-inherit kt-mobile-layout-row kt-row-valign-top kb-theme-content-width\">\n<style>.kadence-column1753_9a339f-11 > .kt-inside-inner-col,.kadence-column1753_9a339f-11 > .kt-inside-inner-col:before{border-top-left-radius:0px;border-top-right-radius:0px;border-bottom-right-radius:0px;border-bottom-left-radius:0px;}.kadence-column1753_9a339f-11 > .kt-inside-inner-col{column-gap:var(--global-kb-gap-sm, 1rem);}.kadence-column1753_9a339f-11 > .kt-inside-inner-col{flex-direction:column;}.kadence-column1753_9a339f-11 > .kt-inside-inner-col > .aligncenter{width:100%;}.kadence-column1753_9a339f-11 > .kt-inside-inner-col:before{opacity:0.3;}.kadence-column1753_9a339f-11{position:relative;}@media all and (max-width: 1024px){.kadence-column1753_9a339f-11 > .kt-inside-inner-col{flex-direction:column;justify-content:center;}}@media all and (max-width: 767px){.kadence-column1753_9a339f-11 > .kt-inside-inner-col{flex-direction:column;justify-content:center;}}<\/style>\n<div class=\"wp-block-kadence-column kadence-column1753_9a339f-11\"><div class=\"kt-inside-inner-col\"><style data-aos-duration=\"1050\" data-aos=\"fade-right\">.wp-block-kadence-advancedgallery .kb-gallery-type-grid.kb-gallery-id-1753_cb0d83-78{margin:-5px;}.kb-gallery-type-grid.kb-gallery-id-1753_cb0d83-78 .kadence-blocks-gallery-item{padding:5px;}.kb-gallery-id-1753_cb0d83-78 .kadence-blocks-gallery-item .kb-gal-image-radius, .kb-gallery-id-1753_cb0d83-78 .kb-slide-item .kb-gal-image-radius img{border-radius:20px 20px 20px 20px;;}.wp-block-kadence-advancedgallery.kb-gallery-wrap-id-1753_cb0d83-78{overflow:visible;}.kb-gallery-id-1753_cb0d83-78 .kadence-blocks-gallery-item .kb-gal-image-radius, .kb-gallery-id-1753_cb0d83-78 .kadence-blocks-gallery-thumb-item .kb-gal-image-radius{box-shadow:0px 0px 60px -15px var(--global-palette1, #3182CE);}.kb-gallery-id-1753_cb0d83-78 .kadence-blocks-gallery-item:hover .kb-gal-image-radius, .kb-gallery-id-1753_cb0d83-78 .kadence-blocks-gallery-thumb-item:hover .kb-gal-image-radius{box-shadow:4px 2px 14px 0px rgba(0, 0, 0, 0.2);}.kb-gallery-caption-style-bottom.kb-gallery-id-1753_cb0d83-78 .kadence-blocks-gallery-item .kadence-blocks-gallery-item-inner .kadence-blocks-gallery-item__caption, .kb-gallery-caption-style-bottom-hover.kb-gallery-id-1753_cb0d83-78 .kadence-blocks-gallery-item .kadence-blocks-gallery-item-inner .kadence-blocks-gallery-item__caption{background:linear-gradient(0deg, rgba(0, 0, 0, 0.8) 0, rgba(0, 0, 0, 0) 100%);}<\/style><div class=\"kb-gallery-wrap-id-1753_cb0d83-78 alignnone zoom-galeri wp-block-kadence-advancedgallery\"><ul class=\"kb-gallery-ul kb-gallery-non-static kb-gallery-type-grid kb-gallery-id-1753_cb0d83-78 kb-gallery-caption-style-bottom-hover kb-gallery-filter-none kb-gallery-magnific-init\" data-image-filter=\"none\" data-item-selector=\".kadence-blocks-gallery-item\" data-lightbox-caption=\"true\" data-columns-xxl=\"1\" data-columns-xl=\"1\" data-columns-md=\"1\" data-columns-sm=\"1\" data-columns-xs=\"1\" data-columns-ss=\"1\"><li class=\"kadence-blocks-gallery-item\"><div class=\"kadence-blocks-gallery-item-inner\"><figure class=\"kb-gallery-figure kb-gallery-item-has-link\"><a href=\"https:\/\/mikailcetiner.com\/tr\/wp-content\/uploads\/2026\/03\/WhatsApp-Image-2026-03-05-at-00.31.26.jpeg\" class=\"kb-gallery-item-link\"   role=\"button\" aria-haspopup=\"dialog\"><div class=\"kb-gal-image-radius\"><div class=\"kb-gallery-image-contain kadence-blocks-gallery-intrinsic kb-gallery-image-ratio-land43 kb-has-image-ratio-land43\" ><img loading=\"lazy\" decoding=\"async\" src=\"https:\/\/mikailcetiner.com\/tr\/wp-content\/uploads\/2026\/03\/WhatsApp-Image-2026-03-05-at-00.31.26.jpeg\" width=\"960\" height=\"720\" alt=\"\" data-full-image=\"https:\/\/mikailcetiner.com\/tr\/wp-content\/uploads\/2026\/03\/WhatsApp-Image-2026-03-05-at-00.31.26.jpeg\" data-light-image=\"https:\/\/mikailcetiner.com\/tr\/wp-content\/uploads\/2026\/03\/WhatsApp-Image-2026-03-05-at-00.31.26.jpeg\" data-id=\"1758\" class=\"wp-image-1758\"\/><\/div><\/div><\/a><\/figure><\/div><\/li><li class=\"kadence-blocks-gallery-item\"><div class=\"kadence-blocks-gallery-item-inner\"><figure class=\"kb-gallery-figure kb-gallery-item-has-link\"><a href=\"https:\/\/mikailcetiner.com\/tr\/wp-content\/uploads\/2026\/03\/WhatsApp-Image-2026-03-05-at-00.31.26-1.jpeg\" class=\"kb-gallery-item-link\"   role=\"button\" aria-haspopup=\"dialog\"><div class=\"kb-gal-image-radius\"><div class=\"kb-gallery-image-contain kadence-blocks-gallery-intrinsic kb-gallery-image-ratio-land43 kb-has-image-ratio-land43\" ><img loading=\"lazy\" decoding=\"async\" src=\"https:\/\/mikailcetiner.com\/tr\/wp-content\/uploads\/2026\/03\/WhatsApp-Image-2026-03-05-at-00.31.26-1.jpeg\" width=\"1200\" height=\"1600\" alt=\"\" data-full-image=\"https:\/\/mikailcetiner.com\/tr\/wp-content\/uploads\/2026\/03\/WhatsApp-Image-2026-03-05-at-00.31.26-1.jpeg\" data-light-image=\"https:\/\/mikailcetiner.com\/tr\/wp-content\/uploads\/2026\/03\/WhatsApp-Image-2026-03-05-at-00.31.26-1.jpeg\" data-id=\"1757\" class=\"wp-image-1757\"\/><\/div><\/div><\/a><\/figure><\/div><\/li><li class=\"kadence-blocks-gallery-item\"><div class=\"kadence-blocks-gallery-item-inner\"><figure class=\"kb-gallery-figure kb-gallery-item-has-link\"><a href=\"https:\/\/mikailcetiner.com\/tr\/wp-content\/uploads\/2026\/03\/aslnado-mikail-ali-cetiner1.jpg\" class=\"kb-gallery-item-link\"   role=\"button\" aria-haspopup=\"dialog\"><div class=\"kb-gal-image-radius\"><div class=\"kb-gallery-image-contain kadence-blocks-gallery-intrinsic kb-gallery-image-ratio-land43 kb-has-image-ratio-land43\" ><img loading=\"lazy\" decoding=\"async\" src=\"https:\/\/mikailcetiner.com\/tr\/wp-content\/uploads\/2026\/03\/aslnado-mikail-ali-cetiner1-1024x1024.jpg\" width=\"1024\" height=\"1024\" alt=\"\" data-full-image=\"https:\/\/mikailcetiner.com\/tr\/wp-content\/uploads\/2026\/03\/aslnado-mikail-ali-cetiner1.jpg\" data-light-image=\"https:\/\/mikailcetiner.com\/tr\/wp-content\/uploads\/2026\/03\/aslnado-mikail-ali-cetiner1.jpg\" data-id=\"1955\" class=\"wp-image-1955\" srcset=\"https:\/\/mikailcetiner.com\/tr\/wp-content\/uploads\/2026\/03\/aslnado-mikail-ali-cetiner1-1024x1024.jpg 1024w, https:\/\/mikailcetiner.com\/tr\/wp-content\/uploads\/2026\/03\/aslnado-mikail-ali-cetiner1-300x300.jpg 300w, https:\/\/mikailcetiner.com\/tr\/wp-content\/uploads\/2026\/03\/aslnado-mikail-ali-cetiner1-150x150.jpg 150w, https:\/\/mikailcetiner.com\/tr\/wp-content\/uploads\/2026\/03\/aslnado-mikail-ali-cetiner1-768x768.jpg 768w, https:\/\/mikailcetiner.com\/tr\/wp-content\/uploads\/2026\/03\/aslnado-mikail-ali-cetiner1.jpg 1080w\" sizes=\"auto, (max-width: 1024px) 100vw, 1024px\" \/><\/div><\/div><\/a><\/figure><\/div><\/li><\/ul><\/div><\/div><\/div>\n\n\n<style data-aos-duration=\"1050\" data-aos=\"fade-left\">.kadence-column1753_543309-e2 > .kt-inside-inner-col,.kadence-column1753_543309-e2 > .kt-inside-inner-col:before{border-top-left-radius:0px;border-top-right-radius:0px;border-bottom-right-radius:0px;border-bottom-left-radius:0px;}.kadence-column1753_543309-e2 > .kt-inside-inner-col{column-gap:var(--global-kb-gap-sm, 1rem);}.kadence-column1753_543309-e2 > .kt-inside-inner-col{flex-direction:column;}.kadence-column1753_543309-e2 > .kt-inside-inner-col > .aligncenter{width:100%;}.kadence-column1753_543309-e2 > .kt-inside-inner-col:before{opacity:0.3;}.kadence-column1753_543309-e2{position:relative;}@media all and (max-width: 1024px){.kadence-column1753_543309-e2 > .kt-inside-inner-col{flex-direction:column;justify-content:center;}}@media all and (max-width: 767px){.kadence-column1753_543309-e2 > .kt-inside-inner-col{flex-direction:column;justify-content:center;}}<\/style>\n<div class=\"wp-block-kadence-column kadence-column1753_543309-e2\" data-aos=\"fade-left\" data-aos-duration=\"1050\"><div class=\"kt-inside-inner-col\">\n<p>Uzak Do\u011fu spor disiplinlerinde uzun y\u0131llara dayanan antrenman ve m\u00fcsabaka tecr\u00fcbesine sahip olan Mikail Ali \u00c7etiner, hem sportif performans hem de teknik derinlik a\u00e7\u0131s\u0131ndan dikkat \u00e7eken bir kariyer in\u015fa etmi\u015ftir.<\/p>\n\n\n\n<p><strong>Sportif Dereceler ve \u015eampiyonluklar:<\/strong><\/p>\n\n\n\n<ul class=\"wp-block-list\">\n<li>Ulusal ve uluslararas\u0131 organizasyonlarda elde edilen dereceler<\/li>\n\n\n\n<li>Farkl\u0131 s\u0131klet ve kategorilerde kazan\u0131lm\u0131\u015f kupalar<\/li>\n\n\n\n<li>\u015eampiyonluk kemerleri ve turnuva birincilikleri<\/li>\n\n\n\n<li>Performans ve teknik \u00fcst\u00fcnl\u00fck \u00f6d\u00fclleri<\/li>\n\n\n\n<li>Turnuvalarda kazan\u0131lm\u0131\u015f ba\u015far\u0131 plaketleri<\/li>\n<\/ul>\n\n\n\n<p><strong>Teknik Yetkinlik ve Disiplinler Aras\u0131 Uzmanl\u0131k:<\/strong><\/p>\n\n\n\n<ul class=\"wp-block-list\">\n<li>Geleneksel ve modern savunma sistemlerinde ileri seviye uzmanl\u0131k<\/li>\n\n\n\n<li>Refleks, h\u0131z ve taktiksel hamle geli\u015ftirme \u00fczerine yo\u011funla\u015fm\u0131\u015f m\u00fcsabaka deneyimi<\/li>\n\n\n\n<li>Rakip analizi ve stratejik oyun kurma becerisi<\/li>\n\n\n\n<li>Bask\u0131 alt\u0131nda performans s\u00fcrd\u00fcrebilme kapasitesi<\/li>\n<\/ul>\n\n\n\n<p><strong>Turnuva ve Organizasyon Kat\u0131l\u0131mlar\u0131:<\/strong><\/p>\n\n\n\n<ul class=\"wp-block-list\">\n<li>Ulusal \u015fampiyonalar<\/li>\n\n\n\n<li>Uluslararas\u0131 a\u00e7\u0131k turnuvalar<\/li>\n\n\n\n<li>D\u00fcnya \u00e7ap\u0131nda d\u00fczenlenen organizasyonlar<\/li>\n\n\n\n<li>Se\u00e7kin sporcular\u0131n yer ald\u0131\u011f\u0131 prestijli m\u00fcsabakalar<\/li>\n<\/ul>\n\n\n\n<p><strong>Kazan\u0131lan \u00d6d\u00fcller:<\/strong><\/p>\n\n\n\n<ul class=\"wp-block-list\">\n<li>\u015eampiyonluk kupalar\u0131<\/li>\n\n\n\n<li>\u00d6zel performans kemerleri<\/li>\n\n\n\n<li>Teknik \u00fcst\u00fcnl\u00fck plaketleri<\/li>\n\n\n\n<li>Disiplin ve spor ahlak\u0131 \u00f6d\u00fclleri<\/li>\n<\/ul>\n\n\n\n<p>Mikail Ali \u00c7etiner\u2019in sportif kariyeri, yaln\u0131zca kazan\u0131lan kupalarla de\u011fil; disiplin, strateji ve kontroll\u00fc g\u00fc\u00e7 anlay\u0131\u015f\u0131yla \u015fekillenmi\u015ftir. Elde etti\u011fi tecr\u00fcbeler, bug\u00fcn geli\u015ftirdi\u011fi Aslando Sistemi\u2019nin temelini olu\u015fturmaktad\u0131r.<\/p>\n<\/div><\/div>\n\n<\/div><\/div>","protected":false},"excerpt":{"rendered":"<p>Mikail Ali \u00c7etiner\u2019in Uzak Do\u011fu Sporlar\u0131ndaki Ba\u015far\u0131lar\u0131 Uzak Do\u011fu spor disiplinlerinde uzun y\u0131llara dayanan antrenman ve m\u00fcsabaka tecr\u00fcbesine sahip olan Mikail Ali \u00c7etiner, hem sportif performans hem de teknik derinlik a\u00e7\u0131s\u0131ndan dikkat \u00e7eken bir kariyer in\u015fa etmi\u015ftir. Sportif Dereceler ve \u015eampiyonluklar: Teknik Yetkinlik ve Disiplinler Aras\u0131 Uzmanl\u0131k: Turnuva ve Organizasyon Kat\u0131l\u0131mlar\u0131: Kazan\u0131lan \u00d6d\u00fcller: Mikail Ali&#8230;<\/p>\n","protected":false},"author":1,"featured_media":0,"parent":0,"menu_order":0,"comment_status":"closed","ping_status":"closed","template":"","meta":{"_kadence_starter_templates_imported_post":true,"_kad_post_transparent":"","_kad_post_title":"hide","_kad_post_layout":"fullwidth","_kad_post_sidebar_id":"","_kad_post_content_style":"unboxed","_kad_post_vertical_padding":"hide","_kad_post_feature":"hide","_kad_post_feature_position":"","_kad_post_header":false,"_kad_post_footer":false,"_kad_post_classname":"","footnotes":""},"class_list":["post-1753","page","type-page","status-publish","hentry"],"_links":{"self":[{"href":"https:\/\/mikailcetiner.com\/tr\/wp-json\/wp\/v2\/pages\/1753","targetHints":{"allow":["GET"]}}],"collection":[{"href":"https:\/\/mikailcetiner.com\/tr\/wp-json\/wp\/v2\/pages"}],"about":[{"href":"https:\/\/mikailcetiner.com\/tr\/wp-json\/wp\/v2\/types\/page"}],"author":[{"embeddable":true,"href":"https:\/\/mikailcetiner.com\/tr\/wp-json\/wp\/v2\/users\/1"}],"replies":[{"embeddable":true,"href":"https:\/\/mikailcetiner.com\/tr\/wp-json\/wp\/v2\/comments?post=1753"}],"version-history":[{"count":25,"href":"https:\/\/mikailcetiner.com\/tr\/wp-json\/wp\/v2\/pages\/1753\/revisions"}],"predecessor-version":[{"id":2645,"href":"https:\/\/mikailcetiner.com\/tr\/wp-json\/wp\/v2\/pages\/1753\/revisions\/2645"}],"wp:attachment":[{"href":"https:\/\/mikailcetiner.com\/tr\/wp-json\/wp\/v2\/media?parent=1753"}],"curies":[{"name":"wp","href":"https:\/\/api.w.org\/{rel}","templated":true}]}}