{"id":1774,"date":"2026-03-05T02:45:38","date_gmt":"2026-03-04T23:45:38","guid":{"rendered":"http:\/\/localhost\/mikailcetiner\/?page_id=1774"},"modified":"2026-03-09T22:42:28","modified_gmt":"2026-03-09T19:42:28","slug":"workshoplar","status":"publish","type":"page","link":"https:\/\/mikailcetiner.com\/tr\/workshoplar\/","title":{"rendered":"Workshoplar"},"content":{"rendered":"<style>.kb-row-layout-wrap.wp-block-kadence-rowlayout.kb-row-layout-id1774_71a03a-e1{margin-top:0px;margin-bottom:0px;}.kb-row-layout-id1774_71a03a-e1 > .kt-row-column-wrap{align-content:center;}:where(.kb-row-layout-id1774_71a03a-e1 > .kt-row-column-wrap) > .wp-block-kadence-column{justify-content:center;}.kb-row-layout-id1774_71a03a-e1 > .kt-row-column-wrap{column-gap:var(--global-kb-gap-md, 2rem);row-gap:var(--global-kb-gap-md, 2rem);max-width:var( --global-content-width, 1290px );padding-left:var(--global-content-edge-padding);padding-right:var(--global-content-edge-padding);padding-top:283px;padding-right:0px;padding-bottom:98px;padding-left:0px;grid-template-columns:minmax(0, 1fr);}.kb-row-layout-id1774_71a03a-e1{background-image:url('https:\/\/mikailcetiner.com\/tr\/wp-content\/uploads\/2026\/03\/mikail-cetiner-14-1.jpeg');background-size:cover;background-position:46% 54%;background-attachment:scroll;background-repeat:no-repeat;}.kb-row-layout-id1774_71a03a-e1 > .kt-row-layout-overlay{opacity:0.90;background:linear-gradient(160deg,rgb(0,0,0) 30%,rgba(255,0,4,0.62) 100%);}@media all and (max-width: 1024px){.kb-row-layout-id1774_71a03a-e1 > .kt-row-column-wrap{padding-top:70px;padding-right:0px;padding-bottom:70px;padding-left:0px;grid-template-columns:minmax(0, 1fr);}}@media all and (max-width: 767px){.kb-row-layout-id1774_71a03a-e1 > .kt-row-column-wrap{padding-top:120px;padding-right:20px;padding-bottom:20px;padding-left:20px;grid-template-columns:minmax(0, 1fr);}}<\/style><div class=\"kb-row-layout-wrap kb-row-layout-id1774_71a03a-e1 alignnone kt-row-has-bg wp-block-kadence-rowlayout\"><div class=\"kt-row-layout-overlay kt-row-overlay-gradient\"><\/div><div class=\"kt-row-column-wrap kt-has-1-columns kt-row-layout-equal kt-tab-layout-inherit kt-mobile-layout-row kt-row-valign-middle kb-theme-content-width\">\n<style>.kadence-column1774_f94931-a3 > .kt-inside-inner-col{padding-top:0px;padding-right:10px;padding-bottom:0px;padding-left:10px;}.kadence-column1774_f94931-a3 > .kt-inside-inner-col,.kadence-column1774_f94931-a3 > .kt-inside-inner-col:before{border-top-left-radius:0px;border-top-right-radius:0px;border-bottom-right-radius:0px;border-bottom-left-radius:0px;}.kadence-column1774_f94931-a3 > .kt-inside-inner-col{column-gap:var(--global-kb-gap-sm, 1rem);}.kadence-column1774_f94931-a3 > .kt-inside-inner-col{flex-direction:column;}.kadence-column1774_f94931-a3 > .kt-inside-inner-col > .aligncenter{width:100%;}.kadence-column1774_f94931-a3 > .kt-inside-inner-col:before{opacity:0.3;}.kadence-column1774_f94931-a3{position:relative;}@media all and (max-width: 1024px){.kadence-column1774_f94931-a3 > .kt-inside-inner-col{padding-top:0px;padding-right:0px;padding-bottom:0px;padding-left:0px;flex-direction:column;justify-content:center;}}@media all and (max-width: 767px){.kadence-column1774_f94931-a3 > .kt-inside-inner-col{flex-direction:column;justify-content:center;}}<\/style>\n<div class=\"wp-block-kadence-column kadence-column1774_f94931-a3 inner-column-1\"><div class=\"kt-inside-inner-col\"><style>.kb-row-layout-id1774_2ebaef-bd > .kt-row-column-wrap{align-content:start;}:where(.kb-row-layout-id1774_2ebaef-bd > .kt-row-column-wrap) > .wp-block-kadence-column{justify-content:start;}.kb-row-layout-id1774_2ebaef-bd > .kt-row-column-wrap{column-gap:var(--global-kb-gap-md, 2rem);row-gap:var(--global-kb-gap-md, 2rem);max-width:600px;margin-left:auto;margin-right:auto;padding-top:0px;padding-right:0px;padding-bottom:0px;padding-left:0px;grid-template-columns:minmax(0, 1fr);}.kb-row-layout-id1774_2ebaef-bd > .kt-row-layout-overlay{opacity:0.30;}@media all and (max-width: 1024px){.kb-row-layout-id1774_2ebaef-bd > .kt-row-column-wrap{grid-template-columns:minmax(0, 1fr);}}@media all and (max-width: 767px){.kb-row-layout-id1774_2ebaef-bd > .kt-row-column-wrap{padding-top:40px;padding-right:20px;padding-bottom:0px;padding-left:20px;grid-template-columns:minmax(0, 1fr);}}<\/style><div class=\"kb-row-layout-wrap kb-row-layout-id1774_2ebaef-bd alignnone wp-block-kadence-rowlayout\"><div class=\"kt-row-column-wrap kt-has-1-columns kt-row-layout-equal kt-tab-layout-inherit kt-mobile-layout-row kt-row-valign-top\">\n<style>.kadence-column1774_ebbfb8-0a > .kt-inside-inner-col{padding-top:10px;padding-right:10px;padding-bottom:10px;padding-left:10px;}.kadence-column1774_ebbfb8-0a > .kt-inside-inner-col,.kadence-column1774_ebbfb8-0a > .kt-inside-inner-col:before{border-top-left-radius:0px;border-top-right-radius:0px;border-bottom-right-radius:0px;border-bottom-left-radius:0px;}.kadence-column1774_ebbfb8-0a > .kt-inside-inner-col{column-gap:var(--global-kb-gap-sm, 1rem);}.kadence-column1774_ebbfb8-0a > .kt-inside-inner-col{flex-direction:column;}.kadence-column1774_ebbfb8-0a > .kt-inside-inner-col > .aligncenter{width:100%;}.kadence-column1774_ebbfb8-0a > .kt-inside-inner-col:before{opacity:0.3;}.kadence-column1774_ebbfb8-0a{position:relative;}@media all and (max-width: 1024px){.kadence-column1774_ebbfb8-0a > .kt-inside-inner-col{flex-direction:column;justify-content:center;}}@media all and (max-width: 767px){.kadence-column1774_ebbfb8-0a > .kt-inside-inner-col{flex-direction:column;justify-content:center;}}<\/style>\n<div class=\"wp-block-kadence-column kadence-column1774_ebbfb8-0a inner-column-1\"><div class=\"kt-inside-inner-col\"><style>.wp-block-kadence-advancedheading.kt-adv-heading1774_2fdd8b-4d, .wp-block-kadence-advancedheading.kt-adv-heading1774_2fdd8b-4d[data-kb-block=\"kb-adv-heading1774_2fdd8b-4d\"]{margin-top:0px;margin-right:0px;margin-bottom:25px;margin-left:0px;text-align:center;font-size:50px;line-height:1em;font-style:normal;}.wp-block-kadence-advancedheading.kt-adv-heading1774_2fdd8b-4d mark.kt-highlight, .wp-block-kadence-advancedheading.kt-adv-heading1774_2fdd8b-4d[data-kb-block=\"kb-adv-heading1774_2fdd8b-4d\"] mark.kt-highlight{font-style:normal;color:#f76a0c;-webkit-box-decoration-break:clone;box-decoration-break:clone;padding-top:0px;padding-right:0px;padding-bottom:0px;padding-left:0px;}.wp-block-kadence-advancedheading.kt-adv-heading1774_2fdd8b-4d img.kb-inline-image, .wp-block-kadence-advancedheading.kt-adv-heading1774_2fdd8b-4d[data-kb-block=\"kb-adv-heading1774_2fdd8b-4d\"] img.kb-inline-image{width:150px;vertical-align:baseline;}@media all and (max-width: 767px){.wp-block-kadence-advancedheading.kt-adv-heading1774_2fdd8b-4d, .wp-block-kadence-advancedheading.kt-adv-heading1774_2fdd8b-4d[data-kb-block=\"kb-adv-heading1774_2fdd8b-4d\"]{font-size:39px;}}<\/style>\n<h2 class=\"kt-adv-heading1774_2fdd8b-4d wp-block-kadence-advancedheading has-theme-palette-9-color has-text-color\" data-kb-block=\"kb-adv-heading1774_2fdd8b-4d\">Workshoplar<\/h2>\n<\/div><\/div>\n\n<\/div><\/div><\/div><\/div>\n\n<\/div><\/div>\n\n<style>.kb-row-layout-id1774_3f5c85-79 > .kt-row-column-wrap{align-content:start;}:where(.kb-row-layout-id1774_3f5c85-79 > .kt-row-column-wrap) > .wp-block-kadence-column{justify-content:start;}.kb-row-layout-id1774_3f5c85-79 > .kt-row-column-wrap{column-gap:var(--global-kb-gap-md, 2rem);row-gap:var(--global-kb-gap-md, 2rem);padding-top:0px;padding-right:0px;padding-bottom:0px;padding-left:0px;grid-template-columns:minmax(0, 1fr);}.kb-row-layout-id1774_3f5c85-79 > .kt-row-layout-overlay{opacity:0.30;}@media all and (max-width: 1024px){.kb-row-layout-id1774_3f5c85-79 > .kt-row-column-wrap{grid-template-columns:minmax(0, 1fr);}}@media all and (max-width: 767px){.kb-row-layout-id1774_3f5c85-79 > .kt-row-column-wrap{grid-template-columns:minmax(0, 1fr);}}<\/style><div class=\"kb-row-layout-wrap kb-row-layout-id1774_3f5c85-79 alignnone wp-block-kadence-rowlayout\"><div class=\"kt-row-column-wrap kt-has-1-columns kt-row-layout-equal kt-tab-layout-inherit kt-mobile-layout-row kt-row-valign-top\">\n<style>.kadence-column1774_573b2c-ec > .kt-inside-inner-col{padding-top:0px;padding-right:0px;padding-bottom:0px;padding-left:0px;}.kadence-column1774_573b2c-ec > .kt-inside-inner-col,.kadence-column1774_573b2c-ec > .kt-inside-inner-col:before{border-top-left-radius:0px;border-top-right-radius:0px;border-bottom-right-radius:0px;border-bottom-left-radius:0px;}.kadence-column1774_573b2c-ec > .kt-inside-inner-col{column-gap:var(--global-kb-gap-sm, 1rem);}.kadence-column1774_573b2c-ec > .kt-inside-inner-col{flex-direction:column;}.kadence-column1774_573b2c-ec > .kt-inside-inner-col > .aligncenter{width:100%;}.kadence-column1774_573b2c-ec > .kt-inside-inner-col:before{opacity:0.3;}.kadence-column1774_573b2c-ec{position:relative;}@media all and (max-width: 1024px){.kadence-column1774_573b2c-ec > .kt-inside-inner-col{flex-direction:column;justify-content:center;}}@media all and (max-width: 767px){.kadence-column1774_573b2c-ec > .kt-inside-inner-col{flex-direction:column;justify-content:center;}}<\/style>\n<div class=\"wp-block-kadence-column kadence-column1774_573b2c-ec inner-column-1\"><div class=\"kt-inside-inner-col\"><\/div><\/div>\n\n<\/div><\/div>\n\n<style>.kb-row-layout-wrap.wp-block-kadence-rowlayout.kb-row-layout-id1774_1c9e0d-6c{margin-top:0px;margin-bottom:0px;}.kb-row-layout-id1774_1c9e0d-6c > .kt-row-column-wrap{align-content:start;}:where(.kb-row-layout-id1774_1c9e0d-6c > .kt-row-column-wrap) > .wp-block-kadence-column{justify-content:start;}.kb-row-layout-id1774_1c9e0d-6c > .kt-row-column-wrap{column-gap:var(--global-kb-gap-md, 2rem);row-gap:var(--global-kb-gap-md, 2rem);max-width:var( --global-content-width, 1290px );padding-left:var(--global-content-edge-padding);padding-right:var(--global-content-edge-padding);padding-top:80px;padding-right:0px;padding-bottom:70px;padding-left:0px;grid-template-columns:minmax(0, 1fr);}.kb-row-layout-id1774_1c9e0d-6c > .kt-row-layout-overlay{opacity:0.57;background-image:url('https:\/\/mikailcetiner.com\/tr\/wp-content\/uploads\/2026\/03\/bg_2-scaled.jpg');background-size:cover;background-position:50% 50%;background-attachment:scroll;background-repeat:repeat;}@media all and (max-width: 1024px){.kb-row-layout-wrap.wp-block-kadence-rowlayout.kb-row-layout-id1774_1c9e0d-6c{margin-top:0px;margin-bottom:0px;}}@media all and (max-width: 1024px){.kb-row-layout-id1774_1c9e0d-6c > .kt-row-column-wrap{padding-top:70px;padding-right:0px;padding-bottom:40px;padding-left:0px;grid-template-columns:minmax(0, 1fr);}}@media all and (max-width: 767px){.kb-row-layout-id1774_1c9e0d-6c > .kt-row-column-wrap{padding-top:60px;padding-right:20px;padding-bottom:30px;padding-left:20px;grid-template-columns:minmax(0, 1fr);}}<\/style><div class=\"kb-row-layout-wrap kb-row-layout-id1774_1c9e0d-6c alignnone kt-row-has-bg wp-block-kadence-rowlayout\"><div class=\"kt-row-layout-overlay kt-row-overlay-normal\"><\/div><div class=\"kt-row-column-wrap kt-has-1-columns kt-row-layout-equal kt-tab-layout-inherit kt-mobile-layout-row kt-row-valign-top kb-theme-content-width\">\n<style data-aos-duration=\"1050\" data-aos=\"fade-up\">.kadence-column1774_b9980e-53 > .kt-inside-inner-col,.kadence-column1774_b9980e-53 > .kt-inside-inner-col:before{border-top-left-radius:0px;border-top-right-radius:0px;border-bottom-right-radius:0px;border-bottom-left-radius:0px;}.kadence-column1774_b9980e-53 > .kt-inside-inner-col{column-gap:var(--global-kb-gap-sm, 1rem);}.kadence-column1774_b9980e-53 > .kt-inside-inner-col{flex-direction:column;}.kadence-column1774_b9980e-53 > .kt-inside-inner-col > .aligncenter{width:100%;}.kadence-column1774_b9980e-53 > .kt-inside-inner-col:before{opacity:0.3;}.kadence-column1774_b9980e-53{position:relative;}@media all and (max-width: 1024px){.kadence-column1774_b9980e-53 > .kt-inside-inner-col{flex-direction:column;justify-content:center;}}@media all and (max-width: 767px){.kadence-column1774_b9980e-53 > .kt-inside-inner-col{flex-direction:column;justify-content:center;}}<\/style>\n<div class=\"wp-block-kadence-column kadence-column1774_b9980e-53\" data-aos=\"fade-up\" data-aos-duration=\"1050\"><div class=\"kt-inside-inner-col\">\n<p>Mikail Ali \u00c7etiner taraf\u0131ndan geli\u015ftirilen ve uygulanan e\u011fitim programlar\u0131, temellerini Aslando Sistemi\u2019nden alan b\u00fct\u00fcnc\u00fcl bir savunma ve strateji yakla\u015f\u0131m\u0131na dayanmaktad\u0131r. Aslando; fiziksel g\u00fc\u00e7 ile zihinsel disiplini, refleks ile stratejik akl\u0131, kontrol ile fark\u0131ndal\u0131\u011f\u0131 ayn\u0131 potada birle\u015ftiren \u00f6zg\u00fcn bir sistemdir.<\/p>\n\n\n\n<p>Bu sistem do\u011frultusunda d\u00fczenlenen workshoplar; savunma sanatlar\u0131n\u0131 yaln\u0131zca teknik \u00f6\u011fretim olarak de\u011fil, karakter geli\u015fimi ve kriz y\u00f6netimi e\u011fitimi olarak ele al\u0131r.<\/p>\n\n\n\n<p>Program i\u00e7erikleri \u015funlar\u0131 kapsamaktad\u0131r:<\/p>\n\n\n\n<ul class=\"wp-block-list\">\n<li>Halk E\u011fitim Merkezleri b\u00fcnyesinde toplumun her ya\u015f grubuna y\u00f6nelik \u00f6zsavunma ve disiplin temelli e\u011fitimler<\/li>\n\n\n\n<li>Okullarda se\u00e7meli ders programlar\u0131 kapsam\u0131nda gen\u00e7lere \u00f6zg\u00fcven, \u00f6z kontrol ve bilin\u00e7li hareket etme becerisi kazand\u0131ran mod\u00fcller<\/li>\n\n\n\n<li>\u00dcniversitelerde; gen\u00e7 yeti\u015fkinlere y\u00f6nelik stratejik d\u00fc\u015f\u00fcnme, stres alt\u0131nda karar verme, kamp\u00fcs g\u00fcvenli\u011fi fark\u0131ndal\u0131\u011f\u0131 ve liderlik geli\u015fimi odakl\u0131 seminer ve uygulamal\u0131 at\u00f6lye \u00e7al\u0131\u015fmalar\u0131<\/li>\n\n\n\n<li>Kurumsal firmalara \u00f6zel workshoplar ile \u00e7al\u0131\u015fanlara stres alt\u0131nda do\u011fru karar verme, risk analizi ve tak\u0131m koordinasyonu e\u011fitimi<\/li>\n\n\n\n<li>Firmalar\u0131n y\u00f6netici kadrolar\u0131na y\u00f6nelik liderlik ve kriz an\u0131 strateji programlar\u0131<\/li>\n\n\n\n<li>G\u00fcvenlik ekipleri ve saha personeline y\u00f6nelik taktiksel savunma ve refleks geli\u015ftirme \u00e7al\u0131\u015fmalar\u0131<\/li>\n<\/ul>\n\n\n\n<p>Aslando Sistemi\u2019nin temel prensibi olan \u201ckontroll\u00fc g\u00fc\u00e7 ve bilin\u00e7li refleks\u201d yakla\u015f\u0131m\u0131 sayesinde kat\u0131l\u0131mc\u0131lar; yaln\u0131zca teknik \u00f6\u011frenmez, ayn\u0131 zamanda bask\u0131 alt\u0131nda sakin kalmay\u0131, alan hakimiyetini ve stratejik d\u00fc\u015f\u00fcnmeyi deneyimleyerek geli\u015ftirir.<\/p>\n\n\n\n<p>Her workshop, kat\u0131l\u0131mc\u0131 grubun ihtiya\u00e7lar\u0131na g\u00f6re \u00f6zel olarak yap\u0131land\u0131r\u0131l\u0131r ve k\u0131sa vadeli e\u011fitimlerin \u00f6tesinde kal\u0131c\u0131 zihinsel ve fiziksel d\u00f6n\u00fc\u015f\u00fcm hedefler.<\/p>\n<\/div><\/div>\n\n<\/div><\/div>","protected":false},"excerpt":{"rendered":"<p>Workshoplar Mikail Ali \u00c7etiner taraf\u0131ndan geli\u015ftirilen ve uygulanan e\u011fitim programlar\u0131, temellerini Aslando Sistemi\u2019nden alan b\u00fct\u00fcnc\u00fcl bir savunma ve strateji yakla\u015f\u0131m\u0131na dayanmaktad\u0131r. Aslando; fiziksel g\u00fc\u00e7 ile zihinsel disiplini, refleks ile stratejik akl\u0131, kontrol ile fark\u0131ndal\u0131\u011f\u0131 ayn\u0131 potada birle\u015ftiren \u00f6zg\u00fcn bir sistemdir. Bu sistem do\u011frultusunda d\u00fczenlenen workshoplar; savunma sanatlar\u0131n\u0131 yaln\u0131zca teknik \u00f6\u011fretim olarak de\u011fil, karakter geli\u015fimi ve&#8230;<\/p>\n","protected":false},"author":1,"featured_media":0,"parent":0,"menu_order":0,"comment_status":"closed","ping_status":"closed","template":"","meta":{"_kadence_starter_templates_imported_post":true,"_kad_post_transparent":"","_kad_post_title":"hide","_kad_post_layout":"fullwidth","_kad_post_sidebar_id":"","_kad_post_content_style":"unboxed","_kad_post_vertical_padding":"hide","_kad_post_feature":"hide","_kad_post_feature_position":"","_kad_post_header":false,"_kad_post_footer":false,"_kad_post_classname":"","footnotes":""},"class_list":["post-1774","page","type-page","status-publish","hentry"],"_links":{"self":[{"href":"https:\/\/mikailcetiner.com\/tr\/wp-json\/wp\/v2\/pages\/1774","targetHints":{"allow":["GET"]}}],"collection":[{"href":"https:\/\/mikailcetiner.com\/tr\/wp-json\/wp\/v2\/pages"}],"about":[{"href":"https:\/\/mikailcetiner.com\/tr\/wp-json\/wp\/v2\/types\/page"}],"author":[{"embeddable":true,"href":"https:\/\/mikailcetiner.com\/tr\/wp-json\/wp\/v2\/users\/1"}],"replies":[{"embeddable":true,"href":"https:\/\/mikailcetiner.com\/tr\/wp-json\/wp\/v2\/comments?post=1774"}],"version-history":[{"count":11,"href":"https:\/\/mikailcetiner.com\/tr\/wp-json\/wp\/v2\/pages\/1774\/revisions"}],"predecessor-version":[{"id":2654,"href":"https:\/\/mikailcetiner.com\/tr\/wp-json\/wp\/v2\/pages\/1774\/revisions\/2654"}],"wp:attachment":[{"href":"https:\/\/mikailcetiner.com\/tr\/wp-json\/wp\/v2\/media?parent=1774"}],"curies":[{"name":"wp","href":"https:\/\/api.w.org\/{rel}","templated":true}]}}