{"id":1777,"date":"2026-03-05T02:49:08","date_gmt":"2026-03-04T23:49:08","guid":{"rendered":"http:\/\/localhost\/mikailcetiner\/?page_id=1777"},"modified":"2026-03-09T22:41:44","modified_gmt":"2026-03-09T19:41:44","slug":"uluslararasi-faaliyetler","status":"publish","type":"page","link":"https:\/\/mikailcetiner.com\/tr\/uluslararasi-faaliyetler\/","title":{"rendered":"Uluslararas\u0131 Faaliyetler"},"content":{"rendered":"<style>.kb-row-layout-wrap.wp-block-kadence-rowlayout.kb-row-layout-id1777_9783f7-80{margin-top:0px;margin-bottom:0px;}.kb-row-layout-id1777_9783f7-80 > .kt-row-column-wrap{align-content:center;}:where(.kb-row-layout-id1777_9783f7-80 > .kt-row-column-wrap) > .wp-block-kadence-column{justify-content:center;}.kb-row-layout-id1777_9783f7-80 > .kt-row-column-wrap{column-gap:var(--global-kb-gap-md, 2rem);row-gap:var(--global-kb-gap-md, 2rem);max-width:var( --global-content-width, 1290px );padding-left:var(--global-content-edge-padding);padding-right:var(--global-content-edge-padding);padding-top:283px;padding-right:0px;padding-bottom:98px;padding-left:0px;grid-template-columns:minmax(0, 1fr);}.kb-row-layout-id1777_9783f7-80{background-image:url('https:\/\/mikailcetiner.com\/tr\/wp-content\/uploads\/2026\/03\/aslando-galeri-5.jpeg');background-size:cover;background-position:44% 20%;background-attachment:scroll;background-repeat:no-repeat;}.kb-row-layout-id1777_9783f7-80 > .kt-row-layout-overlay{opacity:0.90;background:linear-gradient(160deg,rgb(0,0,0) 31%,rgba(255,0,4,0.62) 100%);}@media all and (max-width: 1024px){.kb-row-layout-id1777_9783f7-80 > .kt-row-column-wrap{padding-top:70px;padding-right:0px;padding-bottom:70px;padding-left:0px;grid-template-columns:minmax(0, 1fr);}}@media all and (max-width: 767px){.kb-row-layout-id1777_9783f7-80 > .kt-row-column-wrap{padding-top:120px;padding-right:20px;padding-bottom:20px;padding-left:20px;grid-template-columns:minmax(0, 1fr);}}<\/style><div class=\"kb-row-layout-wrap kb-row-layout-id1777_9783f7-80 alignnone kt-row-has-bg wp-block-kadence-rowlayout\"><div class=\"kt-row-layout-overlay kt-row-overlay-gradient\"><\/div><div class=\"kt-row-column-wrap kt-has-1-columns kt-row-layout-equal kt-tab-layout-inherit kt-mobile-layout-row kt-row-valign-middle kb-theme-content-width\">\n<style>.kadence-column1777_2b39fe-96 > .kt-inside-inner-col{padding-top:0px;padding-right:10px;padding-bottom:0px;padding-left:10px;}.kadence-column1777_2b39fe-96 > .kt-inside-inner-col,.kadence-column1777_2b39fe-96 > .kt-inside-inner-col:before{border-top-left-radius:0px;border-top-right-radius:0px;border-bottom-right-radius:0px;border-bottom-left-radius:0px;}.kadence-column1777_2b39fe-96 > .kt-inside-inner-col{column-gap:var(--global-kb-gap-sm, 1rem);}.kadence-column1777_2b39fe-96 > .kt-inside-inner-col{flex-direction:column;}.kadence-column1777_2b39fe-96 > .kt-inside-inner-col > .aligncenter{width:100%;}.kadence-column1777_2b39fe-96 > .kt-inside-inner-col:before{opacity:0.3;}.kadence-column1777_2b39fe-96{position:relative;}@media all and (max-width: 1024px){.kadence-column1777_2b39fe-96 > .kt-inside-inner-col{padding-top:0px;padding-right:0px;padding-bottom:0px;padding-left:0px;flex-direction:column;justify-content:center;}}@media all and (max-width: 767px){.kadence-column1777_2b39fe-96 > .kt-inside-inner-col{flex-direction:column;justify-content:center;}}<\/style>\n<div class=\"wp-block-kadence-column kadence-column1777_2b39fe-96 inner-column-1\"><div class=\"kt-inside-inner-col\"><style>.kb-row-layout-id1777_aedf0b-33 > .kt-row-column-wrap{align-content:start;}:where(.kb-row-layout-id1777_aedf0b-33 > .kt-row-column-wrap) > .wp-block-kadence-column{justify-content:start;}.kb-row-layout-id1777_aedf0b-33 > .kt-row-column-wrap{column-gap:var(--global-kb-gap-md, 2rem);row-gap:var(--global-kb-gap-md, 2rem);max-width:600px;margin-left:auto;margin-right:auto;padding-top:0px;padding-right:0px;padding-bottom:0px;padding-left:0px;grid-template-columns:minmax(0, 1fr);}.kb-row-layout-id1777_aedf0b-33 > .kt-row-layout-overlay{opacity:0.30;}@media all and (max-width: 1024px){.kb-row-layout-id1777_aedf0b-33 > .kt-row-column-wrap{grid-template-columns:minmax(0, 1fr);}}@media all and (max-width: 767px){.kb-row-layout-id1777_aedf0b-33 > .kt-row-column-wrap{padding-top:40px;padding-right:20px;padding-bottom:0px;padding-left:20px;grid-template-columns:minmax(0, 1fr);}}<\/style><div class=\"kb-row-layout-wrap kb-row-layout-id1777_aedf0b-33 alignnone wp-block-kadence-rowlayout\"><div class=\"kt-row-column-wrap kt-has-1-columns kt-row-layout-equal kt-tab-layout-inherit kt-mobile-layout-row kt-row-valign-top\">\n<style>.kadence-column1777_76d872-ef > .kt-inside-inner-col{padding-top:10px;padding-right:10px;padding-bottom:10px;padding-left:10px;}.kadence-column1777_76d872-ef > .kt-inside-inner-col,.kadence-column1777_76d872-ef > .kt-inside-inner-col:before{border-top-left-radius:0px;border-top-right-radius:0px;border-bottom-right-radius:0px;border-bottom-left-radius:0px;}.kadence-column1777_76d872-ef > .kt-inside-inner-col{column-gap:var(--global-kb-gap-sm, 1rem);}.kadence-column1777_76d872-ef > .kt-inside-inner-col{flex-direction:column;}.kadence-column1777_76d872-ef > .kt-inside-inner-col > .aligncenter{width:100%;}.kadence-column1777_76d872-ef > .kt-inside-inner-col:before{opacity:0.3;}.kadence-column1777_76d872-ef{position:relative;}@media all and (max-width: 1024px){.kadence-column1777_76d872-ef > .kt-inside-inner-col{flex-direction:column;justify-content:center;}}@media all and (max-width: 767px){.kadence-column1777_76d872-ef > .kt-inside-inner-col{flex-direction:column;justify-content:center;}}<\/style>\n<div class=\"wp-block-kadence-column kadence-column1777_76d872-ef inner-column-1\"><div class=\"kt-inside-inner-col\"><style>.wp-block-kadence-advancedheading.kt-adv-heading1777_f57f34-99, .wp-block-kadence-advancedheading.kt-adv-heading1777_f57f34-99[data-kb-block=\"kb-adv-heading1777_f57f34-99\"]{margin-top:0px;margin-right:0px;margin-bottom:25px;margin-left:0px;text-align:center;font-size:50px;line-height:1em;font-style:normal;}.wp-block-kadence-advancedheading.kt-adv-heading1777_f57f34-99 mark.kt-highlight, .wp-block-kadence-advancedheading.kt-adv-heading1777_f57f34-99[data-kb-block=\"kb-adv-heading1777_f57f34-99\"] mark.kt-highlight{font-style:normal;color:#f76a0c;-webkit-box-decoration-break:clone;box-decoration-break:clone;padding-top:0px;padding-right:0px;padding-bottom:0px;padding-left:0px;}.wp-block-kadence-advancedheading.kt-adv-heading1777_f57f34-99 img.kb-inline-image, .wp-block-kadence-advancedheading.kt-adv-heading1777_f57f34-99[data-kb-block=\"kb-adv-heading1777_f57f34-99\"] img.kb-inline-image{width:150px;vertical-align:baseline;}@media all and (max-width: 767px){.wp-block-kadence-advancedheading.kt-adv-heading1777_f57f34-99, .wp-block-kadence-advancedheading.kt-adv-heading1777_f57f34-99[data-kb-block=\"kb-adv-heading1777_f57f34-99\"]{font-size:40px;}}<\/style>\n<h2 class=\"kt-adv-heading1777_f57f34-99 wp-block-kadence-advancedheading has-theme-palette-9-color has-text-color\" data-kb-block=\"kb-adv-heading1777_f57f34-99\">Uluslararas\u0131 Faaliyetler<\/h2>\n<\/div><\/div>\n\n<\/div><\/div><\/div><\/div>\n\n<\/div><\/div>\n\n<style>.kb-row-layout-id1777_7c5c73-ef > .kt-row-column-wrap{align-content:start;}:where(.kb-row-layout-id1777_7c5c73-ef > .kt-row-column-wrap) > .wp-block-kadence-column{justify-content:start;}.kb-row-layout-id1777_7c5c73-ef > .kt-row-column-wrap{column-gap:var(--global-kb-gap-md, 2rem);row-gap:var(--global-kb-gap-md, 2rem);padding-top:0px;padding-right:0px;padding-bottom:0px;padding-left:0px;grid-template-columns:minmax(0, 1fr);}.kb-row-layout-id1777_7c5c73-ef > .kt-row-layout-overlay{opacity:0.30;}@media all and (max-width: 1024px){.kb-row-layout-id1777_7c5c73-ef > .kt-row-column-wrap{grid-template-columns:minmax(0, 1fr);}}@media all and (max-width: 767px){.kb-row-layout-id1777_7c5c73-ef > .kt-row-column-wrap{grid-template-columns:minmax(0, 1fr);}}<\/style><div class=\"kb-row-layout-wrap kb-row-layout-id1777_7c5c73-ef alignnone wp-block-kadence-rowlayout\"><div class=\"kt-row-column-wrap kt-has-1-columns kt-row-layout-equal kt-tab-layout-inherit kt-mobile-layout-row kt-row-valign-top\">\n<style>.kadence-column1777_e7601f-66 > .kt-inside-inner-col{padding-top:0px;padding-right:0px;padding-bottom:0px;padding-left:0px;}.kadence-column1777_e7601f-66 > .kt-inside-inner-col,.kadence-column1777_e7601f-66 > .kt-inside-inner-col:before{border-top-left-radius:0px;border-top-right-radius:0px;border-bottom-right-radius:0px;border-bottom-left-radius:0px;}.kadence-column1777_e7601f-66 > .kt-inside-inner-col{column-gap:var(--global-kb-gap-sm, 1rem);}.kadence-column1777_e7601f-66 > .kt-inside-inner-col{flex-direction:column;}.kadence-column1777_e7601f-66 > .kt-inside-inner-col > .aligncenter{width:100%;}.kadence-column1777_e7601f-66 > .kt-inside-inner-col:before{opacity:0.3;}.kadence-column1777_e7601f-66{position:relative;}@media all and (max-width: 1024px){.kadence-column1777_e7601f-66 > .kt-inside-inner-col{flex-direction:column;justify-content:center;}}@media all and (max-width: 767px){.kadence-column1777_e7601f-66 > .kt-inside-inner-col{flex-direction:column;justify-content:center;}}<\/style>\n<div class=\"wp-block-kadence-column kadence-column1777_e7601f-66 inner-column-1\"><div class=\"kt-inside-inner-col\"><\/div><\/div>\n\n<\/div><\/div>\n\n<style>.kb-row-layout-wrap.wp-block-kadence-rowlayout.kb-row-layout-id1777_b5242c-6d{margin-top:0px;margin-bottom:0px;}.kb-row-layout-id1777_b5242c-6d > .kt-row-column-wrap{align-content:start;}:where(.kb-row-layout-id1777_b5242c-6d > .kt-row-column-wrap) > .wp-block-kadence-column{justify-content:start;}.kb-row-layout-id1777_b5242c-6d > .kt-row-column-wrap{column-gap:var(--global-kb-gap-md, 2rem);row-gap:var(--global-kb-gap-md, 2rem);max-width:var( --global-content-width, 1290px );padding-left:var(--global-content-edge-padding);padding-right:var(--global-content-edge-padding);padding-top:80px;padding-right:0px;padding-bottom:70px;padding-left:0px;grid-template-columns:minmax(0, 1fr);}.kb-row-layout-id1777_b5242c-6d > .kt-row-layout-overlay{opacity:0.57;background-image:url('https:\/\/mikailcetiner.com\/tr\/wp-content\/uploads\/2026\/03\/bg_2-scaled.jpg');background-size:cover;background-position:center center;background-attachment:scroll;background-repeat:no-repeat;}@media all and (max-width: 1024px){.kb-row-layout-wrap.wp-block-kadence-rowlayout.kb-row-layout-id1777_b5242c-6d{margin-top:0px;margin-bottom:0px;}}@media all and (max-width: 1024px){.kb-row-layout-id1777_b5242c-6d > .kt-row-column-wrap{padding-top:70px;padding-right:0px;padding-bottom:40px;padding-left:0px;grid-template-columns:minmax(0, 1fr);}}@media all and (max-width: 767px){.kb-row-layout-id1777_b5242c-6d > .kt-row-column-wrap{padding-top:60px;padding-right:20px;padding-bottom:30px;padding-left:20px;grid-template-columns:minmax(0, 1fr);}}<\/style><div class=\"kb-row-layout-wrap kb-row-layout-id1777_b5242c-6d alignnone kt-row-has-bg wp-block-kadence-rowlayout\"><div class=\"kt-row-layout-overlay kt-row-overlay-normal\"><\/div><div class=\"kt-row-column-wrap kt-has-1-columns kt-row-layout-equal kt-tab-layout-inherit kt-mobile-layout-row kt-row-valign-top kb-theme-content-width\">\n<style data-aos-duration=\"1050\" data-aos=\"fade-up\">.kadence-column1777_6f74aa-50 > .kt-inside-inner-col,.kadence-column1777_6f74aa-50 > .kt-inside-inner-col:before{border-top-left-radius:0px;border-top-right-radius:0px;border-bottom-right-radius:0px;border-bottom-left-radius:0px;}.kadence-column1777_6f74aa-50 > .kt-inside-inner-col{column-gap:var(--global-kb-gap-sm, 1rem);}.kadence-column1777_6f74aa-50 > .kt-inside-inner-col{flex-direction:column;}.kadence-column1777_6f74aa-50 > .kt-inside-inner-col > .aligncenter{width:100%;}.kadence-column1777_6f74aa-50 > .kt-inside-inner-col:before{opacity:0.3;}.kadence-column1777_6f74aa-50{position:relative;}@media all and (max-width: 1024px){.kadence-column1777_6f74aa-50 > .kt-inside-inner-col{flex-direction:column;justify-content:center;}}@media all and (max-width: 767px){.kadence-column1777_6f74aa-50 > .kt-inside-inner-col{flex-direction:column;justify-content:center;}}<\/style>\n<div class=\"wp-block-kadence-column kadence-column1777_6f74aa-50\" data-aos=\"fade-up\" data-aos-duration=\"1050\"><div class=\"kt-inside-inner-col\">\n<p>Mikail Ali \u00c7etiner, geli\u015ftirdi\u011fi Aslando Sistemi\u2019ni uluslararas\u0131 platformlara ta\u015f\u0131yarak sava\u015f ve savunma sanatlar\u0131na disiplin merkezli yeni bir perspektif kazand\u0131rmaktad\u0131r.<\/p>\n\n\n\n<p>Uluslararas\u0131 faaliyetler kapsam\u0131nda:<\/p>\n\n\n\n<ul class=\"wp-block-list\">\n<li>Avrupa ve Orta Do\u011fu ba\u015fta olmak \u00fczere \u00e7e\u015fitli \u00fclkelerde Aslando temelli savunma sanat\u0131 seminerleri<\/li>\n\n\n\n<li>Profesyonel sporculara y\u00f6nelik ileri seviye teknik ve strateji kamplar\u0131<\/li>\n\n\n\n<li>Kurumsal firmalara ve \u00f6zel g\u00fcvenlik ekiplerine y\u00f6nelik kapal\u0131 grup e\u011fitim programlar\u0131<\/li>\n\n\n\n<li>Gen\u00e7lik organizasyonlar\u0131 ve spor kul\u00fcplerine y\u00f6nelik disiplin, liderlik ve \u00f6z kontrol \u00e7al\u0131\u015fmalar\u0131<\/li>\n\n\n\n<li>K\u00fclt\u00fcrler aras\u0131 savunma sanat\u0131 workshop organizasyonlar\u0131<\/li>\n<\/ul>\n\n\n\n<p>Bu faaliyetler, Aslando Sistemi\u2019nin evrensel uygulanabilirli\u011fini ortaya koymakta ve farkl\u0131 k\u00fclt\u00fcrlerden kat\u0131l\u0131mc\u0131lar\u0131 ortak bir disiplin anlay\u0131\u015f\u0131 etraf\u0131nda bulu\u015fturmaktad\u0131r.<\/p>\n\n\n\n<p>Aslando; yaln\u0131zca bir savunma sanat\u0131 modeli de\u011fil, ayn\u0131 zamanda bir duru\u015f, bir karakter in\u015fas\u0131 ve bir stratejik bilin\u00e7 sistemidir. Uluslararas\u0131 seminer ve kamplar sayesinde bu sistem; fiziksel m\u00fccadele becerilerinin \u00f6tesinde liderlik, kriz y\u00f6netimi ve zihinsel dayan\u0131kl\u0131l\u0131k alanlar\u0131nda da kat\u0131l\u0131mc\u0131lara de\u011fer katmaktad\u0131r.<\/p>\n<\/div><\/div>\n\n<\/div><\/div>","protected":false},"excerpt":{"rendered":"<p>Uluslararas\u0131 Faaliyetler Mikail Ali \u00c7etiner, geli\u015ftirdi\u011fi Aslando Sistemi\u2019ni uluslararas\u0131 platformlara ta\u015f\u0131yarak sava\u015f ve savunma sanatlar\u0131na disiplin merkezli yeni bir perspektif kazand\u0131rmaktad\u0131r. Uluslararas\u0131 faaliyetler kapsam\u0131nda: Bu faaliyetler, Aslando Sistemi\u2019nin evrensel uygulanabilirli\u011fini ortaya koymakta ve farkl\u0131 k\u00fclt\u00fcrlerden kat\u0131l\u0131mc\u0131lar\u0131 ortak bir disiplin anlay\u0131\u015f\u0131 etraf\u0131nda bulu\u015fturmaktad\u0131r. Aslando; yaln\u0131zca bir savunma sanat\u0131 modeli de\u011fil, ayn\u0131 zamanda bir duru\u015f, bir karakter&#8230;<\/p>\n","protected":false},"author":1,"featured_media":0,"parent":0,"menu_order":0,"comment_status":"closed","ping_status":"closed","template":"","meta":{"_kadence_starter_templates_imported_post":true,"_kad_post_transparent":"","_kad_post_title":"hide","_kad_post_layout":"fullwidth","_kad_post_sidebar_id":"","_kad_post_content_style":"unboxed","_kad_post_vertical_padding":"hide","_kad_post_feature":"hide","_kad_post_feature_position":"","_kad_post_header":false,"_kad_post_footer":false,"_kad_post_classname":"","footnotes":""},"class_list":["post-1777","page","type-page","status-publish","hentry"],"_links":{"self":[{"href":"https:\/\/mikailcetiner.com\/tr\/wp-json\/wp\/v2\/pages\/1777","targetHints":{"allow":["GET"]}}],"collection":[{"href":"https:\/\/mikailcetiner.com\/tr\/wp-json\/wp\/v2\/pages"}],"about":[{"href":"https:\/\/mikailcetiner.com\/tr\/wp-json\/wp\/v2\/types\/page"}],"author":[{"embeddable":true,"href":"https:\/\/mikailcetiner.com\/tr\/wp-json\/wp\/v2\/users\/1"}],"replies":[{"embeddable":true,"href":"https:\/\/mikailcetiner.com\/tr\/wp-json\/wp\/v2\/comments?post=1777"}],"version-history":[{"count":8,"href":"https:\/\/mikailcetiner.com\/tr\/wp-json\/wp\/v2\/pages\/1777\/revisions"}],"predecessor-version":[{"id":2653,"href":"https:\/\/mikailcetiner.com\/tr\/wp-json\/wp\/v2\/pages\/1777\/revisions\/2653"}],"wp:attachment":[{"href":"https:\/\/mikailcetiner.com\/tr\/wp-json\/wp\/v2\/media?parent=1777"}],"curies":[{"name":"wp","href":"https:\/\/api.w.org\/{rel}","templated":true}]}}