{"id":1782,"date":"2026-03-05T02:51:23","date_gmt":"2026-03-04T23:51:23","guid":{"rendered":"http:\/\/localhost\/mikailcetiner\/?page_id=1782"},"modified":"2026-03-09T22:40:56","modified_gmt":"2026-03-09T19:40:56","slug":"kisisel-egitim-programi","status":"publish","type":"page","link":"https:\/\/mikailcetiner.com\/tr\/kisisel-egitim-programi\/","title":{"rendered":"Ki\u015fisel E\u011fitim Program\u0131"},"content":{"rendered":"<style>.kb-row-layout-wrap.wp-block-kadence-rowlayout.kb-row-layout-id1782_8fb58b-eb{margin-top:0px;margin-bottom:0px;}.kb-row-layout-id1782_8fb58b-eb > .kt-row-column-wrap{align-content:center;}:where(.kb-row-layout-id1782_8fb58b-eb > .kt-row-column-wrap) > .wp-block-kadence-column{justify-content:center;}.kb-row-layout-id1782_8fb58b-eb > .kt-row-column-wrap{column-gap:var(--global-kb-gap-md, 2rem);row-gap:var(--global-kb-gap-md, 2rem);max-width:var( --global-content-width, 1290px );padding-left:var(--global-content-edge-padding);padding-right:var(--global-content-edge-padding);padding-top:283px;padding-right:0px;padding-bottom:98px;padding-left:0px;grid-template-columns:minmax(0, 1fr);}.kb-row-layout-id1782_8fb58b-eb{background-image:url('https:\/\/mikailcetiner.com\/tr\/wp-content\/uploads\/2026\/03\/mikail-cetiner-13-scaled.jpeg');background-size:cover;background-position:50% 24%;background-attachment:scroll;background-repeat:no-repeat;}.kb-row-layout-id1782_8fb58b-eb > .kt-row-layout-overlay{opacity:0.90;background:linear-gradient(160deg,rgb(0,0,0) 31%,rgba(255,0,4,0.62) 100%);}@media all and (max-width: 1024px){.kb-row-layout-id1782_8fb58b-eb > .kt-row-column-wrap{padding-top:70px;padding-right:0px;padding-bottom:70px;padding-left:0px;grid-template-columns:minmax(0, 1fr);}}@media all and (max-width: 767px){.kb-row-layout-id1782_8fb58b-eb > .kt-row-column-wrap{padding-top:120px;padding-right:20px;padding-bottom:20px;padding-left:20px;grid-template-columns:minmax(0, 1fr);}}<\/style><div class=\"kb-row-layout-wrap kb-row-layout-id1782_8fb58b-eb alignnone kt-row-has-bg wp-block-kadence-rowlayout\"><div class=\"kt-row-layout-overlay kt-row-overlay-gradient\"><\/div><div class=\"kt-row-column-wrap kt-has-1-columns kt-row-layout-equal kt-tab-layout-inherit kt-mobile-layout-row kt-row-valign-middle kb-theme-content-width\">\n<style>.kadence-column1782_59ff53-a1 > .kt-inside-inner-col{padding-top:0px;padding-right:10px;padding-bottom:0px;padding-left:10px;}.kadence-column1782_59ff53-a1 > .kt-inside-inner-col,.kadence-column1782_59ff53-a1 > .kt-inside-inner-col:before{border-top-left-radius:0px;border-top-right-radius:0px;border-bottom-right-radius:0px;border-bottom-left-radius:0px;}.kadence-column1782_59ff53-a1 > .kt-inside-inner-col{column-gap:var(--global-kb-gap-sm, 1rem);}.kadence-column1782_59ff53-a1 > .kt-inside-inner-col{flex-direction:column;}.kadence-column1782_59ff53-a1 > .kt-inside-inner-col > .aligncenter{width:100%;}.kadence-column1782_59ff53-a1 > .kt-inside-inner-col:before{opacity:0.3;}.kadence-column1782_59ff53-a1{position:relative;}@media all and (max-width: 1024px){.kadence-column1782_59ff53-a1 > .kt-inside-inner-col{padding-top:0px;padding-right:0px;padding-bottom:0px;padding-left:0px;flex-direction:column;justify-content:center;}}@media all and (max-width: 767px){.kadence-column1782_59ff53-a1 > .kt-inside-inner-col{flex-direction:column;justify-content:center;}}<\/style>\n<div class=\"wp-block-kadence-column kadence-column1782_59ff53-a1 inner-column-1\"><div class=\"kt-inside-inner-col\"><style>.kb-row-layout-id1782_98a1c8-e6 > .kt-row-column-wrap{align-content:start;}:where(.kb-row-layout-id1782_98a1c8-e6 > .kt-row-column-wrap) > .wp-block-kadence-column{justify-content:start;}.kb-row-layout-id1782_98a1c8-e6 > .kt-row-column-wrap{column-gap:var(--global-kb-gap-md, 2rem);row-gap:var(--global-kb-gap-md, 2rem);max-width:600px;margin-left:auto;margin-right:auto;padding-top:0px;padding-right:0px;padding-bottom:0px;padding-left:0px;grid-template-columns:minmax(0, 1fr);}.kb-row-layout-id1782_98a1c8-e6 > .kt-row-layout-overlay{opacity:0.30;}@media all and (max-width: 1024px){.kb-row-layout-id1782_98a1c8-e6 > .kt-row-column-wrap{grid-template-columns:minmax(0, 1fr);}}@media all and (max-width: 767px){.kb-row-layout-id1782_98a1c8-e6 > .kt-row-column-wrap{padding-top:40px;padding-right:20px;padding-bottom:0px;padding-left:20px;grid-template-columns:minmax(0, 1fr);}}<\/style><div class=\"kb-row-layout-wrap kb-row-layout-id1782_98a1c8-e6 alignnone wp-block-kadence-rowlayout\"><div class=\"kt-row-column-wrap kt-has-1-columns kt-row-layout-equal kt-tab-layout-inherit kt-mobile-layout-row kt-row-valign-top\">\n<style>.kadence-column1782_5d5ae8-b2 > .kt-inside-inner-col{padding-top:10px;padding-right:10px;padding-bottom:10px;padding-left:10px;}.kadence-column1782_5d5ae8-b2 > .kt-inside-inner-col,.kadence-column1782_5d5ae8-b2 > .kt-inside-inner-col:before{border-top-left-radius:0px;border-top-right-radius:0px;border-bottom-right-radius:0px;border-bottom-left-radius:0px;}.kadence-column1782_5d5ae8-b2 > .kt-inside-inner-col{column-gap:var(--global-kb-gap-sm, 1rem);}.kadence-column1782_5d5ae8-b2 > .kt-inside-inner-col{flex-direction:column;}.kadence-column1782_5d5ae8-b2 > .kt-inside-inner-col > .aligncenter{width:100%;}.kadence-column1782_5d5ae8-b2 > .kt-inside-inner-col:before{opacity:0.3;}.kadence-column1782_5d5ae8-b2{position:relative;}@media all and (max-width: 1024px){.kadence-column1782_5d5ae8-b2 > .kt-inside-inner-col{flex-direction:column;justify-content:center;}}@media all and (max-width: 767px){.kadence-column1782_5d5ae8-b2 > .kt-inside-inner-col{flex-direction:column;justify-content:center;}}<\/style>\n<div class=\"wp-block-kadence-column kadence-column1782_5d5ae8-b2 inner-column-1\"><div class=\"kt-inside-inner-col\"><style>.wp-block-kadence-advancedheading.kt-adv-heading1782_bc37e8-18, .wp-block-kadence-advancedheading.kt-adv-heading1782_bc37e8-18[data-kb-block=\"kb-adv-heading1782_bc37e8-18\"]{margin-top:0px;margin-right:0px;margin-bottom:25px;margin-left:0px;text-align:center;font-size:50px;line-height:1em;font-style:normal;}.wp-block-kadence-advancedheading.kt-adv-heading1782_bc37e8-18 mark.kt-highlight, .wp-block-kadence-advancedheading.kt-adv-heading1782_bc37e8-18[data-kb-block=\"kb-adv-heading1782_bc37e8-18\"] mark.kt-highlight{font-style:normal;color:#f76a0c;-webkit-box-decoration-break:clone;box-decoration-break:clone;padding-top:0px;padding-right:0px;padding-bottom:0px;padding-left:0px;}.wp-block-kadence-advancedheading.kt-adv-heading1782_bc37e8-18 img.kb-inline-image, .wp-block-kadence-advancedheading.kt-adv-heading1782_bc37e8-18[data-kb-block=\"kb-adv-heading1782_bc37e8-18\"] img.kb-inline-image{width:150px;vertical-align:baseline;}@media all and (max-width: 767px){.wp-block-kadence-advancedheading.kt-adv-heading1782_bc37e8-18, .wp-block-kadence-advancedheading.kt-adv-heading1782_bc37e8-18[data-kb-block=\"kb-adv-heading1782_bc37e8-18\"]{font-size:40px;}}<\/style>\n<h2 class=\"kt-adv-heading1782_bc37e8-18 wp-block-kadence-advancedheading has-theme-palette-9-color has-text-color\" data-kb-block=\"kb-adv-heading1782_bc37e8-18\">\u00d6zel E\u011fitim Deneyimi<\/h2>\n<\/div><\/div>\n\n<\/div><\/div><\/div><\/div>\n\n<\/div><\/div>\n\n<style>.kb-row-layout-id1782_db5530-ef > .kt-row-column-wrap{align-content:start;}:where(.kb-row-layout-id1782_db5530-ef > .kt-row-column-wrap) > .wp-block-kadence-column{justify-content:start;}.kb-row-layout-id1782_db5530-ef > .kt-row-column-wrap{column-gap:var(--global-kb-gap-md, 2rem);row-gap:var(--global-kb-gap-md, 2rem);padding-top:0px;padding-right:0px;padding-bottom:0px;padding-left:0px;grid-template-columns:minmax(0, 1fr);}.kb-row-layout-id1782_db5530-ef > .kt-row-layout-overlay{opacity:0.30;}@media all and (max-width: 1024px){.kb-row-layout-id1782_db5530-ef > .kt-row-column-wrap{grid-template-columns:minmax(0, 1fr);}}@media all and (max-width: 767px){.kb-row-layout-id1782_db5530-ef > .kt-row-column-wrap{grid-template-columns:minmax(0, 1fr);}}<\/style><div class=\"kb-row-layout-wrap kb-row-layout-id1782_db5530-ef alignnone wp-block-kadence-rowlayout\"><div class=\"kt-row-column-wrap kt-has-1-columns kt-row-layout-equal kt-tab-layout-inherit kt-mobile-layout-row kt-row-valign-top\">\n<style>.kadence-column1782_fca263-4a > .kt-inside-inner-col{padding-top:0px;padding-right:0px;padding-bottom:0px;padding-left:0px;}.kadence-column1782_fca263-4a > .kt-inside-inner-col,.kadence-column1782_fca263-4a > .kt-inside-inner-col:before{border-top-left-radius:0px;border-top-right-radius:0px;border-bottom-right-radius:0px;border-bottom-left-radius:0px;}.kadence-column1782_fca263-4a > .kt-inside-inner-col{column-gap:var(--global-kb-gap-sm, 1rem);}.kadence-column1782_fca263-4a > .kt-inside-inner-col{flex-direction:column;}.kadence-column1782_fca263-4a > .kt-inside-inner-col > .aligncenter{width:100%;}.kadence-column1782_fca263-4a > .kt-inside-inner-col:before{opacity:0.3;}.kadence-column1782_fca263-4a{position:relative;}@media all and (max-width: 1024px){.kadence-column1782_fca263-4a > .kt-inside-inner-col{flex-direction:column;justify-content:center;}}@media all and (max-width: 767px){.kadence-column1782_fca263-4a > .kt-inside-inner-col{flex-direction:column;justify-content:center;}}<\/style>\n<div class=\"wp-block-kadence-column kadence-column1782_fca263-4a inner-column-1\"><div class=\"kt-inside-inner-col\"><\/div><\/div>\n\n<\/div><\/div>\n\n<style data-aos-duration=\"1050\" data-aos=\"fade-up\">.kb-row-layout-wrap.wp-block-kadence-rowlayout.kb-row-layout-id1782_f64825-10{margin-top:0px;margin-bottom:0px;}.kb-row-layout-id1782_f64825-10 > .kt-row-column-wrap{align-content:start;}:where(.kb-row-layout-id1782_f64825-10 > .kt-row-column-wrap) > .wp-block-kadence-column{justify-content:start;}.kb-row-layout-id1782_f64825-10 > .kt-row-column-wrap{column-gap:var(--global-kb-gap-md, 2rem);row-gap:var(--global-kb-gap-md, 2rem);max-width:var( --global-content-width, 1290px );padding-left:var(--global-content-edge-padding);padding-right:var(--global-content-edge-padding);padding-top:80px;padding-right:0px;padding-bottom:70px;padding-left:0px;grid-template-columns:minmax(0, 1fr);}.kb-row-layout-id1782_f64825-10 > .kt-row-layout-overlay{opacity:0.57;background-image:url('https:\/\/mikailcetiner.com\/tr\/wp-content\/uploads\/2026\/03\/bg_2-scaled.jpg');background-size:cover;background-position:center center;background-attachment:scroll;background-repeat:no-repeat;}@media all and (max-width: 1024px){.kb-row-layout-wrap.wp-block-kadence-rowlayout.kb-row-layout-id1782_f64825-10{margin-top:0px;margin-bottom:0px;}}@media all and (max-width: 1024px){.kb-row-layout-id1782_f64825-10 > .kt-row-column-wrap{padding-top:70px;padding-right:0px;padding-bottom:40px;padding-left:0px;grid-template-columns:minmax(0, 1fr);}}@media all and (max-width: 767px){.kb-row-layout-id1782_f64825-10 > .kt-row-column-wrap{padding-top:60px;padding-right:20px;padding-bottom:30px;padding-left:20px;grid-template-columns:minmax(0, 1fr);}}<\/style><div class=\"kb-row-layout-wrap kb-row-layout-id1782_f64825-10 alignnone kt-row-has-bg wp-block-kadence-rowlayout\"><div class=\"kt-row-layout-overlay kt-row-overlay-normal\"><\/div><div class=\"kt-row-column-wrap kt-has-1-columns kt-row-layout-equal kt-tab-layout-inherit kt-mobile-layout-row kt-row-valign-top kb-theme-content-width\">\n<style>.kadence-column1782_aa57d1-54 > .kt-inside-inner-col,.kadence-column1782_aa57d1-54 > .kt-inside-inner-col:before{border-top-left-radius:0px;border-top-right-radius:0px;border-bottom-right-radius:0px;border-bottom-left-radius:0px;}.kadence-column1782_aa57d1-54 > .kt-inside-inner-col{column-gap:var(--global-kb-gap-sm, 1rem);}.kadence-column1782_aa57d1-54 > .kt-inside-inner-col{flex-direction:column;}.kadence-column1782_aa57d1-54 > .kt-inside-inner-col > .aligncenter{width:100%;}.kadence-column1782_aa57d1-54 > .kt-inside-inner-col:before{opacity:0.3;}.kadence-column1782_aa57d1-54{position:relative;}@media all and (max-width: 1024px){.kadence-column1782_aa57d1-54 > .kt-inside-inner-col{flex-direction:column;justify-content:center;}}@media all and (max-width: 767px){.kadence-column1782_aa57d1-54 > .kt-inside-inner-col{flex-direction:column;justify-content:center;}}<\/style>\n<div class=\"wp-block-kadence-column kadence-column1782_aa57d1-54\"><div class=\"kt-inside-inner-col\">\n<p>Mikail Ali \u00c7etiner taraf\u0131ndan sunulan \u00d6zel E\u011fitim Deneyimi, bireye \u00f6zel tasarlanm\u0131\u015f, y\u00fcksek disiplin ve strateji temelli bir geli\u015fim program\u0131d\u0131r. Bu program, temellerini Aslando Sistemi\u2019nden al\u0131r ve kat\u0131l\u0131mc\u0131n\u0131n fiziksel kapasitesi, zihinsel dayan\u0131kl\u0131l\u0131\u011f\u0131 ve karakter g\u00fcc\u00fc do\u011frultusunda \u00f6zel olarak yap\u0131land\u0131r\u0131l\u0131r.<\/p>\n\n\n\n<p>\u00d6zel e\u011fitimler; standart grup \u00e7al\u0131\u015fmalar\u0131ndan farkl\u0131 olarak bireyin hedeflerine, mesleki ihtiya\u00e7lar\u0131na ve mevcut seviyesine g\u00f6re planlan\u0131r. Ama\u00e7 yaln\u0131zca teknik \u00f6\u011fretmek de\u011fil; kontroll\u00fc g\u00fc\u00e7, bilin\u00e7li refleks ve stratejik d\u00fc\u015f\u00fcnme becerilerini derinlemesine kazand\u0131rmakt\u0131r.<\/p>\n\n\n\n<p>Program kapsam\u0131nda:<\/p>\n\n\n\n<ul class=\"wp-block-list\">\n<li>Ki\u015fiye \u00f6zel savunma teknikleri ve taktiksel uygulamalar<\/li>\n\n\n\n<li>Kriz an\u0131nda so\u011fukkanl\u0131l\u0131k ve do\u011fru karar verme \u00e7al\u0131\u015fmalar\u0131<\/li>\n\n\n\n<li>Refleks h\u0131zland\u0131rma ve alan h\u00e2kimiyeti e\u011fitimleri<\/li>\n\n\n\n<li>Fiziksel dayan\u0131kl\u0131l\u0131k ve koordinasyon geli\u015ftirme mod\u00fclleri<\/li>\n\n\n\n<li>Zihinsel disiplin, odaklanma ve stres y\u00f6netimi \u00e7al\u0131\u015fmalar\u0131<\/li>\n\n\n\n<li>Mesle\u011fe \u00f6zel senaryo bazl\u0131 uygulamalar (y\u00f6netici, g\u00fcvenlik personeli, sporcu vb.)<\/li>\n<\/ul>\n\n\n\n<p>Her \u00f6zel e\u011fitim s\u00fcreci; analiz, planlama, uygulama ve de\u011ferlendirme a\u015famalar\u0131ndan olu\u015fur. Kat\u0131l\u0131mc\u0131n\u0131n ilerlemesi d\u00fczenli olarak \u00f6l\u00e7\u00fcl\u00fcr ve program buna g\u00f6re g\u00fcncellenir. Bu yap\u0131 sayesinde geli\u015fim rastlant\u0131sal de\u011fil, sistemli ve s\u00fcrd\u00fcr\u00fclebilir olur.<\/p>\n\n\n\n<p>Aslando Sistemi\u2019nin temel felsefesi olan \u201cg\u00fc\u00e7 kontrol edildi\u011finde ger\u00e7ek de\u011fere d\u00f6n\u00fc\u015f\u00fcr\u201d anlay\u0131\u015f\u0131 do\u011frultusunda, \u00f6zel e\u011fitim deneyimi bireyin hem fiziksel hem de zihinsel potansiyelini maksimum seviyeye ta\u015f\u0131may\u0131 hedefler.<\/p>\n\n\n\n<p>Bu program; kendini s\u0131radan bir savunma e\u011fitiminin \u00f6tesine ta\u015f\u0131mak isteyen, disiplinli, g\u00fc\u00e7l\u00fc ve stratejik bir duru\u015f geli\u015ftirmeyi ama\u00e7layan bireyler i\u00e7in tasarlanm\u0131\u015f ayr\u0131cal\u0131kl\u0131 bir geli\u015fim s\u00fcrecidir.<\/p>\n<\/div><\/div>\n\n<\/div><\/div>","protected":false},"excerpt":{"rendered":"<p>\u00d6zel E\u011fitim Deneyimi Mikail Ali \u00c7etiner taraf\u0131ndan sunulan \u00d6zel E\u011fitim Deneyimi, bireye \u00f6zel tasarlanm\u0131\u015f, y\u00fcksek disiplin ve strateji temelli bir geli\u015fim program\u0131d\u0131r. Bu program, temellerini Aslando Sistemi\u2019nden al\u0131r ve kat\u0131l\u0131mc\u0131n\u0131n fiziksel kapasitesi, zihinsel dayan\u0131kl\u0131l\u0131\u011f\u0131 ve karakter g\u00fcc\u00fc do\u011frultusunda \u00f6zel olarak yap\u0131land\u0131r\u0131l\u0131r. \u00d6zel e\u011fitimler; standart grup \u00e7al\u0131\u015fmalar\u0131ndan farkl\u0131 olarak bireyin hedeflerine, mesleki ihtiya\u00e7lar\u0131na ve mevcut seviyesine&#8230;<\/p>\n","protected":false},"author":1,"featured_media":0,"parent":0,"menu_order":0,"comment_status":"closed","ping_status":"closed","template":"","meta":{"_kadence_starter_templates_imported_post":true,"_kad_post_transparent":"","_kad_post_title":"hide","_kad_post_layout":"fullwidth","_kad_post_sidebar_id":"","_kad_post_content_style":"unboxed","_kad_post_vertical_padding":"hide","_kad_post_feature":"hide","_kad_post_feature_position":"","_kad_post_header":false,"_kad_post_footer":false,"_kad_post_classname":"","footnotes":""},"class_list":["post-1782","page","type-page","status-publish","hentry"],"_links":{"self":[{"href":"https:\/\/mikailcetiner.com\/tr\/wp-json\/wp\/v2\/pages\/1782","targetHints":{"allow":["GET"]}}],"collection":[{"href":"https:\/\/mikailcetiner.com\/tr\/wp-json\/wp\/v2\/pages"}],"about":[{"href":"https:\/\/mikailcetiner.com\/tr\/wp-json\/wp\/v2\/types\/page"}],"author":[{"embeddable":true,"href":"https:\/\/mikailcetiner.com\/tr\/wp-json\/wp\/v2\/users\/1"}],"replies":[{"embeddable":true,"href":"https:\/\/mikailcetiner.com\/tr\/wp-json\/wp\/v2\/comments?post=1782"}],"version-history":[{"count":8,"href":"https:\/\/mikailcetiner.com\/tr\/wp-json\/wp\/v2\/pages\/1782\/revisions"}],"predecessor-version":[{"id":2651,"href":"https:\/\/mikailcetiner.com\/tr\/wp-json\/wp\/v2\/pages\/1782\/revisions\/2651"}],"wp:attachment":[{"href":"https:\/\/mikailcetiner.com\/tr\/wp-json\/wp\/v2\/media?parent=1782"}],"curies":[{"name":"wp","href":"https:\/\/api.w.org\/{rel}","templated":true}]}}