{"id":2585,"date":"2026-03-09T02:49:22","date_gmt":"2026-03-08T23:49:22","guid":{"rendered":"https:\/\/socialmediagency.com.tr\/?page_id=2585"},"modified":"2026-03-10T14:43:37","modified_gmt":"2026-03-10T11:43:37","slug":"kunye","status":"publish","type":"page","link":"https:\/\/mikailcetiner.com\/tr\/kunye\/","title":{"rendered":"K\u00fcnye"},"content":{"rendered":"\n<h2 class=\"wp-block-heading\">Yasal Bilgiler<\/h2>\n\n\n\n<h3 class=\"wp-block-heading\">Dijital Hizmetler Yasas\u0131 (\u00a7 5 DDG) ve GDPR (DSGVO) uyar\u0131nca bilgiler<\/h3>\n\n\n\n<p><strong>Mikail \u00c7etiner<\/strong><br>Turmstra\u00dfe 3-5<br>50733 K\u00f6ln<br>Deutschland<\/p>\n\n\n\n<h2 class=\"wp-block-heading\">\u0130leti\u015fim<\/h2>\n\n\n\n<p>Telefon: <a href=\"tel:4922192240190\">+49 (221) 922 401 90<\/a><br>E-posta: <a href=\"mailto:info@mikailcetiner.com\">info@mikailcetiner.com<\/a><\/p>\n\n\n\n<h2 class=\"wp-block-heading\">\u0130\u00e7erikten Sorumlu Ki\u015fi (\u00a7 18 Abs. 2 MStV)<\/h2>\n\n\n\n<p><strong>Mikail \u00c7etiner<br><\/strong>Turmstra\u00dfe 3-5<br>50733 K\u00f6ln<br>Deutschland<\/p>\n\n\n\n<h2 class=\"wp-block-heading\">Sorumluluk Reddi (Disclaimer)<\/h2>\n\n\n\n<h3 class=\"wp-block-heading\">\u0130\u00e7erik Sorumlulu\u011fu<\/h3>\n\n\n\n<p>Sayfalar\u0131m\u0131z\u0131n i\u00e7erikleri b\u00fcy\u00fck bir \u00f6zenle haz\u0131rlanm\u0131\u015ft\u0131r. Ancak i\u00e7eriklerin do\u011frulu\u011fu, eksiksizli\u011fi ve g\u00fcncelli\u011fi konusunda herhangi bir garanti veremeyiz.<\/p>\n\n\n\n<p>Hizmet sa\u011flay\u0131c\u0131 olarak genel yasal h\u00fck\u00fcmler \u00e7er\u00e7evesinde bu sayfalardaki kendi i\u00e7eriklerimizden sorumluyuz. Ancak iletilen veya saklanan \u00fc\u00e7\u00fcnc\u00fc taraf bilgilerini izlemek veya yasa d\u0131\u015f\u0131 faaliyetlere i\u015faret eden durumlar\u0131 ara\u015ft\u0131rmakla y\u00fck\u00fcml\u00fc de\u011filiz.<\/p>\n\n\n\n<h3 class=\"wp-block-heading\"><strong>Ba\u011flant\u0131lar \u0130\u00e7in Sorumluluk<\/strong><\/h3>\n\n\n\n<p>Web sitemiz, i\u00e7erikleri \u00fczerinde hi\u00e7bir etkimizin bulunmad\u0131\u011f\u0131 \u00fc\u00e7\u00fcnc\u00fc taraf web sitelerine ba\u011flant\u0131lar i\u00e7ermektedir. Bu nedenle bu yabanc\u0131 i\u00e7erikler i\u00e7in herhangi bir sorumluluk kabul edilemez.<\/p>\n\n\n\n<p>Ba\u011flant\u0131 verilen sayfalar\u0131n i\u00e7eriklerinden her zaman ilgili sa\u011flay\u0131c\u0131 veya i\u015fletmeci sorumludur. Hukuka ayk\u0131r\u0131 i\u00e7eriklerin fark edilmesi halinde bu ba\u011flant\u0131lar derhal kald\u0131r\u0131lacakt\u0131r.<\/p>\n\n\n\n<h2 class=\"wp-block-heading\">Telif Haklar\u0131<\/h2>\n\n\n\n<p>Bu web sitesinde yer alan ve site sahibi taraf\u0131ndan olu\u015fturulan i\u00e7erik ve eserler Alman telif hakk\u0131 yasas\u0131na tabidir.<\/p>\n\n\n\n<p>Telif hakk\u0131 s\u0131n\u0131rlar\u0131 d\u0131\u015f\u0131nda kalan \u00e7o\u011faltma, i\u015fleme, da\u011f\u0131t\u0131m veya her t\u00fcrl\u00fc kullan\u0131m i\u00e7in ilgili yazar\u0131n yaz\u0131l\u0131 izni gereklidir.<\/p>\n\n\n\n<p>Bu sayfada yer alan \u00fc\u00e7\u00fcnc\u00fc taraf i\u00e7erikleri ayr\u0131ca i\u015faretlenmi\u015ftir ve ilgili telif haklar\u0131na sayg\u0131 g\u00f6sterilmektedir.<\/p>\n\n\n\n<h2 class=\"wp-block-heading\">Bilgi Alma, Silme ve Engelleme Hakk\u0131<\/h2>\n\n\n\n<p>Saklanan ki\u015fisel verileriniz hakk\u0131nda \u00fccretsiz bilgi alma hakk\u0131na sahipsiniz. Ayr\u0131ca bu verilerin kayna\u011f\u0131, al\u0131c\u0131lar\u0131 ve i\u015flenme amac\u0131 hakk\u0131nda bilgi talep edebilirsiniz.<\/p>\n\n\n\n<p>Bunun yan\u0131 s\u0131ra verilerinizin d\u00fczeltilmesini, engellenmesini veya silinmesini talep etme hakk\u0131na sahipsiniz. Bunun i\u00e7in Impressum b\u00f6l\u00fcm\u00fcnde belirtilen adrese ba\u015fvurabilirsiniz.<\/p>\n","protected":false},"excerpt":{"rendered":"<p>Yasal Bilgiler Dijital Hizmetler Yasas\u0131 (\u00a7 5 DDG) ve GDPR (DSGVO) uyar\u0131nca bilgiler Mikail \u00c7etinerTurmstra\u00dfe 3-550733 K\u00f6lnDeutschland \u0130leti\u015fim Telefon: +49 (221) 922 401 90E-posta: info@mikailcetiner.com \u0130\u00e7erikten Sorumlu Ki\u015fi (\u00a7 18 Abs. 2 MStV) Mikail \u00c7etinerTurmstra\u00dfe 3-550733 K\u00f6lnDeutschland Sorumluluk Reddi (Disclaimer) \u0130\u00e7erik Sorumlulu\u011fu Sayfalar\u0131m\u0131z\u0131n i\u00e7erikleri b\u00fcy\u00fck bir \u00f6zenle haz\u0131rlanm\u0131\u015ft\u0131r. Ancak i\u00e7eriklerin do\u011frulu\u011fu, eksiksizli\u011fi ve g\u00fcncelli\u011fi konusunda&#8230;<\/p>\n","protected":false},"author":1,"featured_media":0,"parent":0,"menu_order":0,"comment_status":"closed","ping_status":"open","template":"","meta":{"_kadence_starter_templates_imported_post":false,"_kad_post_transparent":"","_kad_post_title":"default","_kad_post_layout":"default","_kad_post_sidebar_id":"","_kad_post_content_style":"","_kad_post_vertical_padding":"","_kad_post_feature":"","_kad_post_feature_position":"","_kad_post_header":false,"_kad_post_footer":false,"_kad_post_classname":"","footnotes":""},"class_list":["post-2585","page","type-page","status-publish","hentry"],"_links":{"self":[{"href":"https:\/\/mikailcetiner.com\/tr\/wp-json\/wp\/v2\/pages\/2585","targetHints":{"allow":["GET"]}}],"collection":[{"href":"https:\/\/mikailcetiner.com\/tr\/wp-json\/wp\/v2\/pages"}],"about":[{"href":"https:\/\/mikailcetiner.com\/tr\/wp-json\/wp\/v2\/types\/page"}],"author":[{"embeddable":true,"href":"https:\/\/mikailcetiner.com\/tr\/wp-json\/wp\/v2\/users\/1"}],"replies":[{"embeddable":true,"href":"https:\/\/mikailcetiner.com\/tr\/wp-json\/wp\/v2\/comments?post=2585"}],"version-history":[{"count":3,"href":"https:\/\/mikailcetiner.com\/tr\/wp-json\/wp\/v2\/pages\/2585\/revisions"}],"predecessor-version":[{"id":2657,"href":"https:\/\/mikailcetiner.com\/tr\/wp-json\/wp\/v2\/pages\/2585\/revisions\/2657"}],"wp:attachment":[{"href":"https:\/\/mikailcetiner.com\/tr\/wp-json\/wp\/v2\/media?parent=2585"}],"curies":[{"name":"wp","href":"https:\/\/api.w.org\/{rel}","templated":true}]}}